{"id":6618,"date":"2018-08-22T11:20:08","date_gmt":"2018-08-22T09:20:08","guid":{"rendered":"https:\/\/paulmmueller.com\/?page_id=6618"},"modified":"2021-10-20T11:29:06","modified_gmt":"2021-10-20T09:29:06","slug":"partner","status":"publish","type":"page","link":"https:\/\/transfer.paulmmueller.fantomas-staging.de\/it\/partner\/","title":{"rendered":"Partner"},"content":{"rendered":"<p>[vc_row parallax=&#8221;&#8221; parallax_image=&#8221;&#8221; enable_angle=&#8221;&#8221; angle_position=&#8221;&#8221; angle_height=&#8221;60px&#8221; angle_color=&#8221;&#8221; angle_border_color=&#8221;&#8221; angle_border_width=&#8221;0&#8243; enable_angle_duplicate=&#8221;&#8221; angle_position_duplicate=&#8221;&#8221; angle_height_duplicate=&#8221;60px&#8221; angle_color_duplicate=&#8221;&#8221; angle_border_color_duplicate=&#8221;&#8221; angle_border_width_duplicate=&#8221;0&#8243; css=&#8221;.vc_custom_1535103950739{padding-top: 70px !important;padding-bottom: 40px !important;background-color: #ffffff !important;background-position: 0 0 !important;background-repeat: no-repeat !important;}&#8221;][vc_column text_align=&#8221;center&#8221; cms_counter_custom_icon=&#8221;&#8221; cms_counter_icon_color=&#8221;&#8221; cms_counter_icon_font_size=&#8221;&#8221; cms_counter_digit_color=&#8221;&#8221; cms_counter_digit_font_size=&#8221;&#8221;][vc_row_inner css=&#8221;.vc_custom_1531387517287{padding-top: 130px !important;}&#8221;][vc_column_inner][vc_single_image image=&#8221;6634&#8243; img_size=&#8221;medium&#8221; alignment=&#8221;center&#8221; css=&#8221;.vc_custom_1535005014871{padding-bottom: 25px !important;}&#8221;][vc_column_text el_class=&#8221;headline-itc-sm&#8221;]<\/p>\n<h1 class=\"extra_small\">Partner<\/h1>\n<p>[\/vc_column_text][vc_single_image image=&#8221;4216&#8243; img_size=&#8221;full&#8221; alignment=&#8221;center&#8221; el_class=&#8221;headline-opa&#8221; css=&#8221;.vc_custom_1466431593645{margin-bottom: 15px !important;}&#8221;][vc_column_text el_class=&#8221;headline-itc-sm&#8221; css=&#8221;.vc_custom_1539000004972{margin-top: 20px !important;margin-bottom: 40px !important;}&#8221;]Collaboriamo a livello internazionale con partner professionali ed affidabili. La collaborazione mirata<br \/>\nrende possibile la qualit\u00e0 che vi aspettate da noi.[\/vc_column_text][vc_empty_space][\/vc_column_inner][\/vc_row_inner][\/vc_column][\/vc_row][vc_row][vc_column][vc_row_inner el_class=&#8221;partner&#8221;][vc_column_inner width=&#8221;1\/2&#8243;][vc_single_image image=&#8221;6639&#8243; img_size=&#8221;medium&#8221; alignment=&#8221;right&#8221; el_class=&#8221;w200&#8243;][\/vc_column_inner][vc_column_inner el_class=&#8221;line&#8221; width=&#8221;1\/2&#8243;][vc_column_text]<\/p>\n<h3 style=\"text-align: left;\">CITRES <span class=\"pre_headline\">&#8211; Il nostro produttore di delicatessen<\/span><\/h3>\n<p style=\"text-align: left;\">La qualit\u00e0 cresce nel tempo.<br \/>\n\u201cLa qualit\u00e0 non ha segreti: verdure fresche selezionate, olio, aceto e sale\u201d \u00e8 la mission di Citres dal 1960. Citres, leader nel mercato del polipropilene con sottaceti, sottoli e salse, ha sostituito il vaso in vetro con questo nuovissimo pack che garantisce un\u2019alta sicurezza alimentare nelle cucine professionali di ristoranti, hotel e scuole.<br \/>\n<a href=\"\/wp-content\/uploads\/video\/citres\/Video Produzione Citres_ITA_small.mp4\" target=\"_blank\" rel=\"noopener\"><i class=\"fa fa-play-circle\" aria-hidden=\"true\"><\/i> Fatti una foto.<\/a><\/p>\n<p>[\/vc_column_text][\/vc_column_inner][\/vc_row_inner][\/vc_column][\/vc_row][vc_row][vc_column][vc_row_inner el_class=&#8221;partner&#8221;][vc_column_inner el_class=&#8221;first line&#8221; width=&#8221;1\/2&#8243;][vc_column_text]<\/p>\n<h3 style=\"text-align: right;\"><span class=\"pre_headline\">Il nostro partner in Benelux &#8211; <\/span>BERGFOOD<\/h3>\n<p style=\"text-align: right;\">In qualit\u00e0 di specialista della cucina mediterranea, Bergfood ci rappresenta efficacemente nei Paesi Bassi e in Belgio con il nostro assortimento ADRIA.<\/p>\n<p>[\/vc_column_text][\/vc_column_inner][vc_column_inner el_class=&#8221;second&#8221; width=&#8221;1\/2&#8243;][vc_single_image image=&#8221;10137&#8243; img_size=&#8221;210&#215;100&#8243;][\/vc_column_inner][\/vc_row_inner][\/vc_column][\/vc_row][vc_row][vc_column][vc_row_inner el_class=&#8221;partner&#8221;][vc_column_inner width=&#8221;1\/2&#8243;][vc_single_image image=&#8221;6642&#8243; img_size=&#8221;medium&#8221; alignment=&#8221;right&#8221; el_class=&#8221;w200&#8243;][\/vc_column_inner][vc_column_inner el_class=&#8221;line&#8221; width=&#8221;1\/2&#8243;][vc_column_text]<\/p>\n<h3 style=\"text-align: left;\">GASTRO PROFI <span class=\"pre_headline\">&#8211; il nostro partner in Austria<\/span><\/h3>\n<p style=\"text-align: left;\">Gastro Profi \u00e8 un partner affidabile nel commercio alimentare all\u2019ingrosso: flessibile, aperto ai desideri dei clienti e attento ai nuovi trend. La maggior parte delle materie prime viene reperita a livello regionale, poich\u00e9 la connessione con aziende e coltivatori locali \u00e8 per noi di estrema importanza.<\/p>\n<p>[\/vc_column_text][\/vc_column_inner][\/vc_row_inner][\/vc_column][\/vc_row][vc_row][vc_column][vc_row_inner el_class=&#8221;partner&#8221;][vc_column_inner el_class=&#8221;first line&#8221; width=&#8221;1\/2&#8243;][vc_column_text]<\/p>\n<h3 style=\"text-align: right;\"><span class=\"pre_headline\">Il nostro partner in Repubblica Ceca &#8211;\u00a0<\/span>KEYSTONE VALUE <span class=\"pre_headline\">s.r.o.<\/span><\/h3>\n<p style=\"text-align: right;\">Una squadra di specialisti esperti che sviluppano costantemente nuovi prodotti e nuove ricette.<\/p>\n<p>[\/vc_column_text][\/vc_column_inner][vc_column_inner el_class=&#8221;second&#8221; width=&#8221;1\/2&#8243;][vc_single_image image=&#8221;6656&#8243; img_size=&#8221;medium&#8221; el_class=&#8221;w200&#8243;][\/vc_column_inner][\/vc_row_inner][\/vc_column][\/vc_row][vc_row][vc_column][vc_row_inner el_class=&#8221;partner&#8221;][vc_column_inner width=&#8221;1\/2&#8243;][vc_single_image image=&#8221;6645&#8243; img_size=&#8221;medium&#8221; alignment=&#8221;right&#8221; el_class=&#8221;w250&#8243;][\/vc_column_inner][vc_column_inner el_class=&#8221;line&#8221; width=&#8221;1\/2&#8243;][vc_column_text]<\/p>\n<h3 style=\"text-align: left;\">ATWERB <span class=\"pre_headline\">&#8211; il nostro partner in ambito marketing<\/span><\/h3>\n<p style=\"text-align: left;\">Un\u2019agenzia di servizi completi che simboleggia soluzioni di marketing chiare e comprensibili dai sofisticati risultati visivi. atwerb sviluppa con passione idee creative, strategie ponderate e messaggi chiari in tutti gli ambiti del marketing moderno.<\/p>\n<p>[\/vc_column_text][\/vc_column_inner][\/vc_row_inner][\/vc_column][\/vc_row][vc_row][vc_column][vc_row_inner el_class=&#8221;partner&#8221;][vc_column_inner el_class=&#8221;first line&#8221; width=&#8221;1\/2&#8243;][vc_column_text]<\/p>\n<h3 style=\"text-align: right;\"><span class=\"pre_headline\">Il nostro partner per la gestione del personale &#8211; <\/span>ABSOLUT<\/h3>\n<p style=\"text-align: right;\">Da oltre 25 anni ABSOLUT scopre efficacemente le qualifiche delle persone durante i colloqui personali e le sfrutta per occupare in modo ottimale le posizioni vacanti su tutti i livelli gerarchici. ABSOLUT \u00e8 rapida, riservata e ha un tasso di successo superiore alla media.<\/p>\n<p>[\/vc_column_text][\/vc_column_inner][vc_column_inner el_class=&#8221;second&#8221; width=&#8221;1\/2&#8243;][vc_single_image image=&#8221;6644&#8243; img_size=&#8221;medium&#8221; el_class=&#8221;w250&#8243;][\/vc_column_inner][\/vc_row_inner][\/vc_column][\/vc_row][vc_row][vc_column][vc_row_inner el_class=&#8221;partner&#8221;][vc_column_inner width=&#8221;1\/2&#8243;][vc_single_image image=&#8221;6736&#8243; img_size=&#8221;medium&#8221; alignment=&#8221;right&#8221; el_class=&#8221;w200&#8243;][\/vc_column_inner][vc_column_inner el_class=&#8221;line&#8221; width=&#8221;1\/2&#8243;][vc_column_text]<\/p>\n<h3 style=\"text-align: left;\">Radmila Kerl <span class=\"pre_headline\">&#8211; la nostra collaboratrice per la fotografia<\/span><\/h3>\n<p style=\"text-align: left;\">Lavorando come fotografa, la mia esigenza \u00e8 scattare foto che non colpiscano solo per la loro qualit\u00e0, ma che comunichino con l\u2019osservatore grazie alla loro espressivit\u00e0 e che rimangano impresse. Gli scatti per il Paul M&uuml;ller Team erano davvero il massimo: durante i lavori ci siamo cos\u00ec tanto divertiti e abbiamo avuto cos\u00ec tante buone idee che non vedo gi\u00e0 l\u2019ora di lavorare ai nuovi progetti. <a href=\"https:\/\/radmilakerl.de\/corporate-identity-eine-coole-webseite-fuer-paul-m-mueller\/\" target=\"_blank\" rel=\"noopener\">Maggiori informazioni &#8230;<\/a><\/p>\n<p>[\/vc_column_text][\/vc_column_inner][\/vc_row_inner][\/vc_column][\/vc_row]<\/p>","protected":false},"excerpt":{"rendered":"<p>[vc_row parallax=&#8221;&#8221; parallax_image=&#8221;&#8221; enable_angle=&#8221;&#8221; angle_position=&#8221;&#8221; angle_height=&#8221;60px&#8221; angle_color=&#8221;&#8221; angle_border_color=&#8221;&#8221; angle_border_width=&#8221;0&#8243; enable_angle_duplicate=&#8221;&#8221; angle_position_duplicate=&#8221;&#8221; angle_height_duplicate=&#8221;60px&#8221; angle_color_duplicate=&#8221;&#8221; angle_border_color_duplicate=&#8221;&#8221; angle_border_width_duplicate=&#8221;0&#8243; css=&#8221;.vc_custom_1535103950739{padding-top: 70px !important;padding-bottom: 40px !important;background-color: #ffffff !important;background-position: 0 0 !important;background-repeat: no-repeat !important;}&#8221;][vc_column text_align=&#8221;center&#8221; cms_counter_custom_icon=&#8221;&#8221; cms_counter_icon_color=&#8221;&#8221; cms_counter_icon_font_size=&#8221;&#8221; cms_counter_digit_color=&#8221;&#8221; cms_counter_digit_font_size=&#8221;&#8221;][vc_row_inner css=&#8221;.vc_custom_1531387517287{padding-top: 130px !important;}&#8221;][vc_column_inner][vc_single_image image=&#8221;6634&#8243; img_size=&#8221;medium&#8221; alignment=&#8221;center&#8221; css=&#8221;.vc_custom_1535005014871{padding-bottom: 25px !important;}&#8221;][vc_column_text el_class=&#8221;headline-itc-sm&#8221;] Partner [\/vc_column_text][vc_single_image image=&#8221;4216&#8243; img_size=&#8221;full&#8221; alignment=&#8221;center&#8221; el_class=&#8221;headline-opa&#8221; css=&#8221;.vc_custom_1466431593645{margin-bottom: 15px !important;}&#8221;][vc_column_text el_class=&#8221;headline-itc-sm&#8221; css=&#8221;.vc_custom_1539000004972{margin-top: 20px [&hellip;]<\/p>\n","protected":false},"author":47110815,"featured_media":0,"parent":0,"menu_order":0,"comment_status":"closed","ping_status":"closed","template":"","meta":{"inline_featured_image":false},"_links":{"self":[{"href":"https:\/\/transfer.paulmmueller.fantomas-staging.de\/it\/wp-json\/wp\/v2\/pages\/6618"}],"collection":[{"href":"https:\/\/transfer.paulmmueller.fantomas-staging.de\/it\/wp-json\/wp\/v2\/pages"}],"about":[{"href":"https:\/\/transfer.paulmmueller.fantomas-staging.de\/it\/wp-json\/wp\/v2\/types\/page"}],"author":[{"embeddable":true,"href":"https:\/\/transfer.paulmmueller.fantomas-staging.de\/it\/wp-json\/wp\/v2\/users\/47110815"}],"replies":[{"embeddable":true,"href":"https:\/\/transfer.paulmmueller.fantomas-staging.de\/it\/wp-json\/wp\/v2\/comments?post=6618"}],"version-history":[{"count":76,"href":"https:\/\/transfer.paulmmueller.fantomas-staging.de\/it\/wp-json\/wp\/v2\/pages\/6618\/revisions"}],"predecessor-version":[{"id":10142,"href":"https:\/\/transfer.paulmmueller.fantomas-staging.de\/it\/wp-json\/wp\/v2\/pages\/6618\/revisions\/10142"}],"wp:attachment":[{"href":"https:\/\/transfer.paulmmueller.fantomas-staging.de\/it\/wp-json\/wp\/v2\/media?parent=6618"}],"curies":[{"name":"wp","href":"https:\/\/api.w.org\/{rel}","templated":true}]}}