{"id":4474,"date":"2016-06-21T08:37:57","date_gmt":"2016-06-21T06:37:57","guid":{"rendered":"http:\/\/paulmmueller.com\/?page_id=4474"},"modified":"2021-05-11T09:25:56","modified_gmt":"2021-05-11T07:25:56","slug":"verladung","status":"publish","type":"page","link":"https:\/\/transfer.paulmmueller.fantomas-staging.de\/it\/verladung\/","title":{"rendered":"Caricamento"},"content":{"rendered":"<p>[vc_row css=&#8221;.vc_custom_1466426820674{padding-top: 70px !important;padding-bottom: 80px !important;background: #f7f7f2 url(http:\/\/paulmmueller.com\/wp-content\/uploads\/2016\/06\/Landkarte-Lagerung.png?id=4344) !important;background-position: 0 0 !important;background-repeat: no-repeat !important;}&#8221; el_id=&#8221;landkarte-produktion&#8221;][vc_column css=&#8221;.vc_custom_1482394247164{padding-top: 100px !important;}&#8221;][vc_row_inner el_id=&#8221;about&#8221;][vc_column_inner][vc_custom_heading text=&#8221;GI\u00c0 ATTIVATA?&#8221; font_container=&#8221;tag:h2|font_size:60px|text_align:center|color:%233a5040|line_height:1.2&#8243; google_fonts=&#8221;font_family:Montserrat%3Aregular%2C700|font_style:700%20bold%20regular%3A700%3Anormal&#8221; el_class=&#8221;headline-opa&#8221;][vc_column_text el_class=&#8221;headline-itc-bg&#8221; css=&#8221;.vc_custom_1517491704926{margin-top: 20px !important;}&#8221;]S\u00ec, le nostre consegne sono molto affidabili e pi\u00f9 veloci di quanto pensiate.[\/vc_column_text][vc_single_image image=&#8221;4216&#8243; img_size=&#8221;full&#8221; alignment=&#8221;center&#8221; css=&#8221;.vc_custom_1466753119905{margin-top: 30px !important;margin-bottom: 30px !important;}&#8221;][vc_single_image image=&#8221;9328&#8243; img_size=&#8221;medium&#8221; alignment=&#8221;center&#8221;][\/vc_column_inner][\/vc_row_inner][vc_row_inner css=&#8221;.vc_custom_1466493398866{padding-top: 20px !important;}&#8221;][vc_column_inner width=&#8221;1\/6&#8243; css=&#8221;.vc_custom_1466492579996{padding-right: 25px !important;}&#8221;][\/vc_column_inner][vc_column_inner width=&#8221;1\/3&#8243; css=&#8221;.vc_custom_1466492597760{padding-left: 25px !important;}&#8221;][vc_column_text]<\/p>\n<p style=\"text-align: right; font-size: 15px !important; line-height: 23px !important;\">Serviamo i nostri clienti in tutte le regioni a partire dal magazzino Unisped di Amburgo e inoltre con lotti parziali. Dai 5 posti pallet in su, le nostre consegne avvengono franco domicilio entro una settimana in ogni angolo della Germania e nei paesi europei pi\u00f9 vicini. I prodotti pi\u00f9 sensibili, come le nostre acciughe, vengono caricati alla giusta temperatura anche nelle stagioni pi\u00f9 calde.<\/p>\n<p style=\"text-align: right; font-size: 15px !important; line-height: 23px !important;\">I trasporti vengono eseguiti da spedizionieri completamente dedicati al loro lavoro. La vostra merce sar\u00e0 in ogni momento in ottime mani. Affidabilit\u00e0 assoluta ed elevata flessibilit\u00e0 sono irrinunciabili. Il nostro moderno sistema IT consente l\u2019immissione dei vostri codici di ordinazione e degli articoli, i nostri numeri di lotto e la data di scadenza su ogni bolla di consegna.<\/p>\n<p>[\/vc_column_text][\/vc_column_inner][vc_column_inner width=&#8221;1\/3&#8243;][vc_column_text]<\/p>\n<p style=\"text-align: left; font-size: 15px !important; line-height: 23px !important;\">Riceverete un servizio completo con al centro la vostra fornitura. In questo modo, ad. es., i preavvisi di 24 ore o le consegne neutrale non vi creeranno alcuna difficolt\u00e0. Qualsiasi cosa succeda, c\u2019\u00e8 una soluzione per ogni problema. Non vi lasceremo mai a voi stessi!<\/p>\n<p class=\"headline-itc-bg\" style=\"text-align: left; margin-top: 34px !important;\">Ritiro di persona \u2013 nessun problema<\/p>\n<p style=\"text-align: left; font-size: 15px !important; line-height: 23px !important;\">Dopo aver ricevuto la nostra bolla di consegna, rivolgetevi entro le 15:00 al nostro magazzino (preferibilmente per iscritto) e gi\u00e0 nella giornata successiva potete ritirare la vostra merce (se disponibile) presentando la stessa bolla fra le ore 7:00 e le ore 15:00.<\/p>\n<p>[\/vc_column_text][\/vc_column_inner][vc_column_inner width=&#8221;1\/6&#8243;][\/vc_column_inner][\/vc_row_inner][\/vc_column][\/vc_row][vc_row bg_style=&#8221;img_parallax&#8221; css=&#8221;.vc_custom_1482394555246{padding-top: 60px !important;padding-bottom: 60px !important;background-image: url(http:\/\/paulmmueller.com\/wp-content\/uploads\/2016\/06\/Fotolia_90491148_XXL.jpg?id=5367) !important;}&#8221; el_class=&#8221;bild-abschluss-verladung&#8221;][vc_column css=&#8221;.vc_custom_1466087958877{margin-bottom: 50px !important;padding-right: 25px !important;}&#8221;][vc_empty_space height=&#8221;287px&#8221;][\/vc_column][\/vc_row]<\/p>","protected":false},"excerpt":{"rendered":"<p>[vc_row css=&#8221;.vc_custom_1466426820674{padding-top: 70px !important;padding-bottom: 80px !important;background: #f7f7f2 url(http:\/\/paulmmueller.com\/wp-content\/uploads\/2016\/06\/Landkarte-Lagerung.png?id=4344) !important;background-position: 0 0 !important;background-repeat: no-repeat !important;}&#8221; el_id=&#8221;landkarte-produktion&#8221;][vc_column css=&#8221;.vc_custom_1482394247164{padding-top: 100px !important;}&#8221;][vc_row_inner el_id=&#8221;about&#8221;][vc_column_inner][vc_custom_heading text=&#8221;GI\u00c0 ATTIVATA?&#8221; font_container=&#8221;tag:h2|font_size:60px|text_align:center|color:%233a5040|line_height:1.2&#8243; google_fonts=&#8221;font_family:Montserrat%3Aregular%2C700|font_style:700%20bold%20regular%3A700%3Anormal&#8221; el_class=&#8221;headline-opa&#8221;][vc_column_text el_class=&#8221;headline-itc-bg&#8221; css=&#8221;.vc_custom_1517491704926{margin-top: 20px !important;}&#8221;]S\u00ec, le nostre consegne sono molto affidabili e pi\u00f9 veloci di quanto pensiate.[\/vc_column_text][vc_single_image image=&#8221;4216&#8243; img_size=&#8221;full&#8221; alignment=&#8221;center&#8221; css=&#8221;.vc_custom_1466753119905{margin-top: 30px !important;margin-bottom: 30px !important;}&#8221;][vc_single_image image=&#8221;9328&#8243; img_size=&#8221;medium&#8221; alignment=&#8221;center&#8221;][\/vc_column_inner][\/vc_row_inner][vc_row_inner css=&#8221;.vc_custom_1466493398866{padding-top: 20px !important;}&#8221;][vc_column_inner width=&#8221;1\/6&#8243; [&hellip;]<\/p>\n","protected":false},"author":47110815,"featured_media":0,"parent":0,"menu_order":0,"comment_status":"closed","ping_status":"closed","template":"","meta":{"inline_featured_image":false},"_links":{"self":[{"href":"https:\/\/transfer.paulmmueller.fantomas-staging.de\/it\/wp-json\/wp\/v2\/pages\/4474"}],"collection":[{"href":"https:\/\/transfer.paulmmueller.fantomas-staging.de\/it\/wp-json\/wp\/v2\/pages"}],"about":[{"href":"https:\/\/transfer.paulmmueller.fantomas-staging.de\/it\/wp-json\/wp\/v2\/types\/page"}],"author":[{"embeddable":true,"href":"https:\/\/transfer.paulmmueller.fantomas-staging.de\/it\/wp-json\/wp\/v2\/users\/47110815"}],"replies":[{"embeddable":true,"href":"https:\/\/transfer.paulmmueller.fantomas-staging.de\/it\/wp-json\/wp\/v2\/comments?post=4474"}],"version-history":[{"count":54,"href":"https:\/\/transfer.paulmmueller.fantomas-staging.de\/it\/wp-json\/wp\/v2\/pages\/4474\/revisions"}],"predecessor-version":[{"id":9329,"href":"https:\/\/transfer.paulmmueller.fantomas-staging.de\/it\/wp-json\/wp\/v2\/pages\/4474\/revisions\/9329"}],"wp:attachment":[{"href":"https:\/\/transfer.paulmmueller.fantomas-staging.de\/it\/wp-json\/wp\/v2\/media?parent=4474"}],"curies":[{"name":"wp","href":"https:\/\/api.w.org\/{rel}","templated":true}]}}