{"id":4463,"date":"2016-06-21T08:10:40","date_gmt":"2016-06-21T06:10:40","guid":{"rendered":"http:\/\/paulmmueller.com\/?page_id=4463"},"modified":"2022-01-17T14:15:20","modified_gmt":"2022-01-17T13:15:20","slug":"qualitaetsmanagement","status":"publish","type":"page","link":"https:\/\/transfer.paulmmueller.fantomas-staging.de\/it\/qualitaetsmanagement\/","title":{"rendered":"Gestione della qualit\u00e0"},"content":{"rendered":"<p>[vc_row css=&#8221;.vc_custom_1482315987519{padding-top: 70px !important;padding-bottom: 0px !important;background: #f7f7f2 url(http:\/\/paulmmueller.com\/wp-content\/uploads\/2016\/06\/Landkarte-Lagerung.png?id=4344) !important;background-position: 0 0 !important;background-repeat: no-repeat !important;}&#8221; el_id=&#8221;landkarte-produktion&#8221;][vc_column][vc_row_inner el_id=&#8221;about&#8221; css=&#8221;.vc_custom_1482313124802{padding-top: 120px !important;}&#8221;][vc_column_inner][vc_column_text]<\/p>\n<h1 class=\"extra\">Qualit\u00e0 al top<\/h1>\n<p>[\/vc_column_text][vc_column_text el_class=&#8221;headline-itc-bg&#8221;]<\/p>\n<p>da noi una certezza.<\/p>\n<p>[\/vc_column_text][vc_single_image image=&#8221;4216&#8243; img_size=&#8221;full&#8221; alignment=&#8221;center&#8221; el_class=&#8221;headline-opa&#8221; css=&#8221;.vc_custom_1466694634099{margin-top: 30px !important;margin-bottom: 30px !important;}&#8221;][\/vc_column_inner][\/vc_row_inner][\/vc_column][\/vc_row][vc_row parallax=&#8221;&#8221; parallax_image=&#8221;&#8221; enable_angle=&#8221;&#8221; angle_position=&#8221;&#8221; angle_height=&#8221;60px&#8221; angle_color=&#8221;&#8221; angle_border_color=&#8221;&#8221; angle_border_width=&#8221;0&#8243; css=&#8221;.vc_custom_1466067412792{padding-bottom: 30px !important;background-image: url(http:\/\/paulmmueller.com\/wp-content\/uploads\/2016\/06\/bgrd-texture.jpg?id=4224) !important;}&#8221; el_class=&#8221;cont-firma&#8221;][vc_column width=&#8221;1\/3&#8243; cms_counter_custom_icon=&#8221;&#8221; cms_counter_icon_color=&#8221;&#8221; cms_counter_icon_font_size=&#8221;&#8221; cms_counter_digit_color=&#8221;&#8221; cms_counter_digit_font_size=&#8221;&#8221; css=&#8221;.vc_custom_1482310555844{margin-top: 159px !important;padding-right: 20px !important;padding-left: 20px !important;}&#8221; offset=&#8221;vc_col-sm-offset-0 vc_col-xs-offset-1 vc_col-xs-10&#8243;][vc_column_text]<\/p>\n<p style=\"text-align: right; font-size: 15px !important; line-height: 26px !important;\">La merce sana e fresca gioca da noi un importante ruolo. I prodotti PAUL M. Mu\u0308ller<br \/>\nvengono realizzati per il nostro marchio esclusivamente da produttori selezionati.<\/p>\n<p class=\"headline-itc-bg\" style=\"text-align: right;\">Controlli di qualit\u00e0<\/p>\n<p style=\"text-align: right; font-size: 15px !important; line-height: 26px !important;\">A ogni livello di attivit\u00e0, come logistica, ingresso merce, immagazzinamento e trasporto, vengono accuratamente controllati la freschezza, la marcatura, la pulizia e il gusto dei nostri prodotti.<\/p>\n<p>[\/vc_column_text][\/vc_column][vc_column width=&#8221;1\/3&#8243; font_size_col=&#8221;11px&#8221; font_line_height=&#8221;30px&#8221; font_color=&#8221;#666666&#8243; css=&#8221;.vc_custom_1482310566948{margin-top: 10px !important;}&#8221; offset=&#8221;vc_col-sm-offset-0 vc_col-xs-offset-1 vc_col-xs-10&#8243;][vc_row_inner][vc_column_inner width=&#8221;5\/6&#8243; offset=&#8221;vc_col-sm-offset-1 vc_col-xs-12&#8243;][vc_single_image image=&#8221;4469&#8243; img_size=&#8221;full&#8221; alignment=&#8221;center&#8221; css=&#8221;.vc_custom_1467116688027{padding-right: 12px !important;padding-left: 12px !important;}&#8221;][\/vc_column_inner][\/vc_row_inner][\/vc_column][vc_column width=&#8221;1\/3&#8243; css=&#8221;.vc_custom_1482310576601{margin-top: 159px !important;padding-right: 20px !important;padding-left: 20px !important;}&#8221; offset=&#8221;vc_col-sm-offset-0 vc_col-xs-offset-1 vc_col-xs-10&#8243;][vc_column_text]<\/p>\n<p class=\"headline-itc-bg\" style=\"text-align: left;\">Analisi di laboratorio<\/p>\n<p style=\"text-align: left; font-size: 15px !important; line-height: 26px !important;\">Lo standard di qualit\u00e0 elevato e soprattutto costante dei prodotti viene continuamente controllato dal laboratorio della nostra azienda. Le verifiche sistematiche in entrata e in uscita e i certificati del nostro controllo qualit\u00e0 riferiti ai singoli lotti garantiscono questo elevato standard. Attraverso un laboratorio di analisi chimiche accreditato e indipendente vengono eseguiti ulteriori controlli della merce su base routinaria.<\/p>\n<p>[\/vc_column_text][\/vc_column][\/vc_row][vc_row css=&#8221;.vc_custom_1513779602797{padding-bottom: 9px !important;background-image: url(http:\/\/paulmmueller.com\/wp-content\/uploads\/2016\/06\/bgrd-texture.jpg?id=4224) !important;}&#8221;][vc_column offset=&#8221;vc_col-sm-offset-0 vc_col-xs-offset-1 vc_col-xs-10&#8243;][vc_column_text]<\/p>\n<p class=\"headline-itc-bg\">Certificazioni e sigilli<\/p>\n<p style=\"text-align: center; font-size: 15px !important; line-height: 23px !important;\">La qualit\u00e0 del marchio \u00e8 importante per noi. Per garantire in ogni momento il livello di qualit\u00e0 dei nostri alimenti e la loro consegna, siamo collegati a varie certificazioni e sistemi di marcatura.<\/p>\n<p>[\/vc_column_text][vc_row_inner][vc_column_inner width=&#8221;1\/12&#8243;][\/vc_column_inner][vc_column_inner width=&#8221;1\/6&#8243;][vc_single_image image=&#8221;7457&#8243; alignment=&#8221;center&#8221; css_animation=&#8221;appear&#8221; el_class=&#8221;img-siegel&#8221;][\/vc_column_inner][vc_column_inner width=&#8221;1\/6&#8243;][vc_single_image image=&#8221;7452&#8243; alignment=&#8221;center&#8221; css_animation=&#8221;appear&#8221; el_class=&#8221;img-siegel&#8221;][\/vc_column_inner][vc_column_inner width=&#8221;1\/6&#8243;][vc_single_image image=&#8221;7455&#8243; alignment=&#8221;center&#8221; css_animation=&#8221;appear&#8221; el_class=&#8221;img-siegel&#8221;][\/vc_column_inner][vc_column_inner width=&#8221;1\/6&#8243;][vc_single_image image=&#8221;7454&#8243; alignment=&#8221;center&#8221; onclick=&#8221;custom_link&#8221; img_link_target=&#8221;_blank&#8221; css_animation=&#8221;appear&#8221; el_class=&#8221;img-siegel&#8221; link=&#8221;https:\/\/paulmmueller.com\/wp-content\/uploads\/2022\/01\/54811msIFSBroker_V3.1_en.pdf&#8221;][\/vc_column_inner][vc_column_inner width=&#8221;1\/6&#8243;][vc_single_image image=&#8221;7456&#8243; alignment=&#8221;center&#8221; css_animation=&#8221;appear&#8221; el_class=&#8221;img-siegel&#8221;][\/vc_column_inner][vc_column_inner width=&#8221;1\/12&#8243;][\/vc_column_inner][\/vc_row_inner][\/vc_column][\/vc_row][vc_row bg_style=&#8221;img_parallax&#8221; css=&#8221;.vc_custom_1482315191599{padding-top: 85px !important;padding-bottom: 85px !important;background-image: url(http:\/\/paulmmueller.com\/wp-content\/uploads\/2016\/06\/fotole35189824_original.jpg?id=5273) !important;background-position: 0 0 !important;background-repeat: no-repeat !important;}&#8221; bd_p_speed=&#8221;0.1&#8243; el_id=&#8221;quality-img&#8221;][vc_column offset=&#8221;vc_col-lg-offset-1 vc_col-lg-10 vc_col-md-offset-2 vc_col-md-8&#8243;][vc_column_text el_class=&#8221;sub-head-footer&#8221;]Freschezza in scatola.[\/vc_column_text][\/vc_column][\/vc_row]<\/p>","protected":false},"excerpt":{"rendered":"<p>[vc_row css=&#8221;.vc_custom_1482315987519{padding-top: 70px !important;padding-bottom: 0px !important;background: #f7f7f2 url(http:\/\/paulmmueller.com\/wp-content\/uploads\/2016\/06\/Landkarte-Lagerung.png?id=4344) !important;background-position: 0 0 !important;background-repeat: no-repeat !important;}&#8221; el_id=&#8221;landkarte-produktion&#8221;][vc_column][vc_row_inner el_id=&#8221;about&#8221; css=&#8221;.vc_custom_1482313124802{padding-top: 120px !important;}&#8221;][vc_column_inner][vc_column_text] Qualit\u00e0 al top [\/vc_column_text][vc_column_text el_class=&#8221;headline-itc-bg&#8221;] da noi una certezza. [\/vc_column_text][vc_single_image image=&#8221;4216&#8243; img_size=&#8221;full&#8221; alignment=&#8221;center&#8221; el_class=&#8221;headline-opa&#8221; css=&#8221;.vc_custom_1466694634099{margin-top: 30px !important;margin-bottom: 30px !important;}&#8221;][\/vc_column_inner][\/vc_row_inner][\/vc_column][\/vc_row][vc_row parallax=&#8221;&#8221; parallax_image=&#8221;&#8221; enable_angle=&#8221;&#8221; angle_position=&#8221;&#8221; angle_height=&#8221;60px&#8221; angle_color=&#8221;&#8221; angle_border_color=&#8221;&#8221; angle_border_width=&#8221;0&#8243; css=&#8221;.vc_custom_1466067412792{padding-bottom: 30px !important;background-image: url(http:\/\/paulmmueller.com\/wp-content\/uploads\/2016\/06\/bgrd-texture.jpg?id=4224) !important;}&#8221; el_class=&#8221;cont-firma&#8221;][vc_column width=&#8221;1\/3&#8243; cms_counter_custom_icon=&#8221;&#8221; cms_counter_icon_color=&#8221;&#8221; [&hellip;]<\/p>\n","protected":false},"author":47110815,"featured_media":0,"parent":0,"menu_order":0,"comment_status":"closed","ping_status":"closed","template":"","meta":{"inline_featured_image":false},"_links":{"self":[{"href":"https:\/\/transfer.paulmmueller.fantomas-staging.de\/it\/wp-json\/wp\/v2\/pages\/4463"}],"collection":[{"href":"https:\/\/transfer.paulmmueller.fantomas-staging.de\/it\/wp-json\/wp\/v2\/pages"}],"about":[{"href":"https:\/\/transfer.paulmmueller.fantomas-staging.de\/it\/wp-json\/wp\/v2\/types\/page"}],"author":[{"embeddable":true,"href":"https:\/\/transfer.paulmmueller.fantomas-staging.de\/it\/wp-json\/wp\/v2\/users\/47110815"}],"replies":[{"embeddable":true,"href":"https:\/\/transfer.paulmmueller.fantomas-staging.de\/it\/wp-json\/wp\/v2\/comments?post=4463"}],"version-history":[{"count":99,"href":"https:\/\/transfer.paulmmueller.fantomas-staging.de\/it\/wp-json\/wp\/v2\/pages\/4463\/revisions"}],"predecessor-version":[{"id":10293,"href":"https:\/\/transfer.paulmmueller.fantomas-staging.de\/it\/wp-json\/wp\/v2\/pages\/4463\/revisions\/10293"}],"wp:attachment":[{"href":"https:\/\/transfer.paulmmueller.fantomas-staging.de\/it\/wp-json\/wp\/v2\/media?parent=4463"}],"curies":[{"name":"wp","href":"https:\/\/api.w.org\/{rel}","templated":true}]}}