{"id":5371,"date":"2016-12-22T09:24:57","date_gmt":"2016-12-22T08:24:57","guid":{"rendered":"http:\/\/paulmmueller.com\/?page_id=5371"},"modified":"2021-08-09T15:00:19","modified_gmt":"2021-08-09T13:00:19","slug":"stellenanzeigen","status":"publish","type":"page","link":"https:\/\/transfer.paulmmueller.fantomas-staging.de\/en\/stellenanzeigen\/","title":{"rendered":"Job Vacancies"},"content":{"rendered":"<p>[vc_row parallax=&#8221;&#8221; parallax_image=&#8221;&#8221; enable_angle=&#8221;&#8221; angle_position=&#8221;&#8221; angle_height=&#8221;60px&#8221; angle_color=&#8221;&#8221; angle_border_color=&#8221;&#8221; angle_border_width=&#8221;0&#8243; enable_angle_duplicate=&#8221;&#8221; angle_position_duplicate=&#8221;&#8221; angle_height_duplicate=&#8221;60px&#8221; angle_color_duplicate=&#8221;&#8221; angle_border_color_duplicate=&#8221;&#8221; angle_border_width_duplicate=&#8221;0&#8243; css=&#8221;.vc_custom_1467972081308{padding-top: 110px !important;padding-bottom: 40px !important;background-color: #f7f7f2 !important;}&#8221;][vc_column text_align=&#8221;center&#8221; cms_counter_custom_icon=&#8221;&#8221; cms_counter_icon_color=&#8221;&#8221; cms_counter_icon_font_size=&#8221;&#8221; cms_counter_digit_color=&#8221;&#8221; cms_counter_digit_font_size=&#8221;&#8221;][vc_empty_space height=&#8221;120px&#8221;][vc_column_text]<\/p>\n<h1 class=\"bewerbung\" style=\"text-align: center;\">You have reached your <span class=\"upper\">goal<\/span>!<\/h1>\n<p>[\/vc_column_text][vc_column_text]<\/p>\n<h2 class=\"extra\" style=\"text-align: center;\">Paul M. M&uuml;ller<\/h2>\n<p>[\/vc_column_text][vc_empty_space height=&#8221;50px&#8221;][vc_single_image image=&#8221;4216&#8243; img_size=&#8221;full&#8221; alignment=&#8221;center&#8221; el_class=&#8221;headline-opa&#8221; css=&#8221;.vc_custom_1466431593645{margin-bottom: 15px !important;}&#8221;][vc_single_image image=&#8221;5188&#8243; img_size=&#8221;full&#8221; alignment=&#8221;center&#8221; el_class=&#8221;tomate-bewerbung&#8221;][\/vc_column][\/vc_row][vc_row css=&#8221;.vc_custom_1573468056560{padding-top: 35px !important;padding-bottom: 50px !important;background-color: #f7f7f2 !important;}&#8221; el_class=&#8221;z-index-low&#8221;][vc_column][vc_column_text]\n\n\t\n\t\t<div class=\"stelle-1 stelle\">\n\t\t\t<div class=\"stelle-head\">\n\t\t\t\t<h3 onclick=\"openStelle(1)\">Account Manager <span>(m\/w\/d)<\/span><\/h3>\n\t\t\t\t<div class=\"stelle-teaser\">\n\t\t\t\t\tDamit diese immer auch in Deinem Lieblingsrestaurant ankommen, ben\u00f6tigen wir Dich als  Verst\u00e4rkung in unserem Vertriebsteam.<br>\n\t\t\t\t<a class=\"btn btn-default btn-dl stelle-click-1 stelle-click\" onclick=\"openStelle(1)\">\n\t\t\t\t\t<i id=\"customicon-icon-stelle\" class=\"fa fa-plus\"><\/i>\n\t\t\t\t<\/a>\n\t\t\t\t<\/div>\n\t\t\t<\/div>\n\t\t\t<div class=\"stelle-content stelle-content-1\" style=\"display:none;\">\n\t\t\t\t<div class=\"stelle-wir\">\n\t\t\t\t\t<span>Wer sind wir:<\/span> Hast Du dich schon einmal gefragt, woher die Tomate auf Deiner Pizza kommt? \u2013 Wir schon.  \u2028Immerhin importiert Paul M. M\u00fcller seit \u00fcber 60 Jahren Qualit\u00e4tslebensmittel aus der ganzen Welt. \u2028Und Tomaten lagen uns dabei schon immer besonders am Herzen.<br \/>\r\nDamit diese immer auch in Deinem Lieblingsrestaurant ankommen, ben\u00f6tigen wir Dich als  Verst\u00e4rkung in unserem Vertriebsteam.\n\t\t\t\t<\/div>\n\t\t\t\t<div class=\"stelle-aufgaben\">\n\t\t\t\t\t<span>Deine (Haupt)Aufgaben:<\/span><br>\n\t\t\t\t\t<ul><li> Du generierst neue Kunden und Gesch\u00e4ftskontakte und bedienst Dich dabei unterschiedlicher Vertriebswerkzeuge: Du besuchst potenzielle neue Kunden pers\u00f6nlich, auf Messen und gestaltest Vertrieb ebenso am Telefon oder per E-Mail.<li \/>\r\nDu betreust Bestandskunden und sorgst fu\u0308r Kundenzufriedenheit sowie den Ausbau des bestehenden Gesch\u00e4fts.<li \/>\r\nDu bist verantwortlich fu\u0308r die Auftrags- und Kontakterfassung inkl. Vertragsmanagement und Mahnwesen.<li \/>\r\nDu koordinierst Mengenplanungen und fu\u0308hrst statistische Auswertungen fu\u0308r den Ein- und Verkauf durch.<li \/>\r\nDu bearbeitest Ausschreibungen von Kunden und erstellst Angebote.<li \/>\r\nDu u\u0308bernimmst in geringem Umfang Verantwortung im Einkauf von \u00dcberseeartikeln.<\/ul>\n\t\t\t\t<\/div>\n\t\t\t\t<div class=\"stelle-aufgaben\">\n\t\t\t\t\t<span>Was du mitbringst:<\/span><br>\n\t\t\t\t\t<ul><li> Du verfu\u0308gst u\u0308ber ein betriebswirtschaftliches Studium oder eine abgeschlossene kaufm\u00e4nnische Ausbildung.<li \/>\r\nDu konntest erste Erfahrung im Vertrieb sammeln und Erfolge erzielen \u2013 Vertrieb ist Deine Leidenschaft.<li \/>\r\nDu bist kommunikationsstark sowohl in Deutsch als auch in Englisch.<li \/>\r\nDu arbeitest organisiert, strukturiert und hast ein Talent fu\u0308r Planungen.<li \/>\r\nDu bist versiert im Umgang mit EDV.<li \/>\r\nDu bist eine neugierige Pers\u00f6nlichkeit, die immer auf der Suche nach neuen Kunden, M\u00f6glichkeiten, Produkten und Herstellern ist.<li \/>\r\nDu hast keine Angst vor neuen Herausforderungen.<\/ul>\n\t\t\t\t<\/div>\n\t\t\t\t<div class=\"stelle-aufgaben\">\n\t\t\t\t\t<span>Warum Paul M. M\u00fcller?<\/span><br>\n\t\t\t\t\t<ul><li> Jung, dynamisch und \u201egutaussehend\u201c \u2013 ein Team wie aus dem Bilderbuch. <li \/>\r\nNespresso Flatrate f\u00fcr Kaffee-Liebhaber. <li \/>\r\nSeit August 2019 haben wir neue B\u00fcror\u00e4ume bezogen - genie\u00dfe mit uns eine moderne, frische Arbeitsatmosph\u00e4re. <li \/>\r\n\u201eWir-Gef\u00fchl\u201c vom ersten Tag an. <li \/>\r\nUnser vierbeiniger \u201eInkasso-Beauftragter\u201c Moka Al Capone ist auch stets dabei.<\/ul>\n\t\t\t\t<\/div>\n\t\t\t\t<div class=\"stelle-kontakt\">\n\t\t\t\t\tOb junges Talent oder ge\u00fcbter Profi - Interesse an einem Vollzeit-Job geweckt?<br \/>\r\nDann nichts wie los! Wir sind gespannt auf Deine Bewerbungsunterlagen.\n\t\t\t\t\t<br><br><br>\n\t\t\t\t\t<div class=\"stelle-kontakt-bild\">\n\t\t\t\t\t\t<img src=\"https:\/\/transfer.paulmmueller.fantomas-staging.de\/wp-content\/uploads\/2020\/12\/Gambs-sig_neu2.png\" alt=\"Sibylle Arhold von ABSOLUT Personal Management\">\n\t\t\t\t\t<\/div>\n\t\t\t\t\t<div class=\"stelle-kontakt-daten\">\n\t\t\t\t\t\tSende Deine Unterlagen bitte an:<br>\n\t\t\t\t\t\tarhold@absolut-personal.de<br>\n\t\t\t\t\t\tDein Ansprechpartner: Sibylle Arhold von ABSOLUT Personal Management<br>\n\t\t\t\t\t\tBei Fragen stehen wir Dir gerne zur Verf\u00fcgung.<br>\n\t\t\t\t\t\tTel +49 (0)89 273728-0<br>\n\t\t\t\t\t\t<br>\n\t\t\t\t\t\tOder bewerbe Dich jetzt Online bei uns.<br><br>\n\t\t\t\t\t\t<div style=\"text-align: right;\">\n\t\t\t\t\t\t<span class=\"btn-z knopf\" onclick=\"closeStelle()\">zur\u00fcck<\/span>\n\t\t\t\t\t\t<a href=\"\/de\/bewerbungsformular\/?title=Account Manager&subtitle=(m\/w\/d)\"><span class=\"btn-w knopf\">jetzt bewerben<\/span><\/a>\n\t\t\t\t\t\t<a href=\"\/de\/freunde-senden\/?title=Account Manager&subtitle=(m\/w\/d)&wir=Hast Du dich schon einmal gefragt, woher die Tomate auf Deiner Pizza kommt? \u2013 Wir schon.  \u2028Immerhin importiert Paul M. M\u00fcller seit \u00fcber 60 Jahren Qualit\u00e4tslebensmittel aus der ganzen Welt. \u2028Und Tomaten lagen uns dabei schon immer besonders am Herzen.<br \/>\r\nDamit diese immer auch in Deinem Lieblingsrestaurant ankommen, ben\u00f6tigen wir Dich als  Verst\u00e4rkung in unserem Vertriebsteam.&aufgaben=Du generierst neue Kunden und Gesch\u00e4ftskontakte und bedienst Dich dabei unterschiedlicher Vertriebswerkzeuge: Du besuchst potenzielle neue Kunden pers\u00f6nlich, auf Messen und gestaltest Vertrieb ebenso am Telefon oder per E-Mail.<br \/>\r\nDu betreust Bestandskunden und sorgst fu\u0308r Kundenzufriedenheit sowie den Ausbau des bestehenden Gesch\u00e4fts.<br \/>\r\nDu bist verantwortlich fu\u0308r die Auftrags- und Kontakterfassung inkl. Vertragsmanagement und Mahnwesen.<br \/>\r\nDu koordinierst Mengenplanungen und fu\u0308hrst statistische Auswertungen fu\u0308r den Ein- und Verkauf durch.<br \/>\r\nDu bearbeitest Ausschreibungen von Kunden und erstellst Angebote.<br \/>\r\nDu u\u0308bernimmst in geringem Umfang Verantwortung im Einkauf von \u00dcberseeartikeln.&fahigkeiten=Du verfu\u0308gst u\u0308ber ein betriebswirtschaftliches Studium oder eine abgeschlossene kaufm\u00e4nnische Ausbildung.<br \/>\r\nDu konntest erste Erfahrung im Vertrieb sammeln und Erfolge erzielen \u2013 Vertrieb ist Deine Leidenschaft.<br \/>\r\nDu bist kommunikationsstark sowohl in Deutsch als auch in Englisch.<br \/>\r\nDu arbeitest organisiert, strukturiert und hast ein Talent fu\u0308r Planungen.<br \/>\r\nDu bist versiert im Umgang mit EDV.<br \/>\r\nDu bist eine neugierige Pers\u00f6nlichkeit, die immer auf der Suche nach neuen Kunden, M\u00f6glichkeiten, Produkten und Herstellern ist.<br \/>\r\nDu hast keine Angst vor neuen Herausforderungen.&warum=Jung, dynamisch und \u201egutaussehend\u201c \u2013 ein Team wie aus dem Bilderbuch. <br \/>\r\nNespresso Flatrate f\u00fcr Kaffee-Liebhaber. <br \/>\r\nSeit August 2019 haben wir neue B\u00fcror\u00e4ume bezogen - genie\u00dfe mit uns eine moderne, frische Arbeitsatmosph\u00e4re. <br \/>\r\n\u201eWir-Gef\u00fchl\u201c vom ersten Tag an. <br \/>\r\nUnser vierbeiniger \u201eInkasso-Beauftragter\u201c Moka Al Capone ist auch stets dabei.&email=arhold@absolut-personal.de&namea=Sibylle Arhold von ABSOLUT Personal Management&tel=+49 (0)89 273728-0\" target=\"_blank\"><span class=\"btn-f knopf\">die Stelle Freunden zeigen<\/span><\/a>\n\t\t\t\t\t\t<\/div>\n\t\t\t\t\t\t\n\t\t\t\t\t<\/div>\n\t\t\t\t<\/div>\n\t\t\t<\/div>\n\t\t<\/div>\n\n\n\n\n        \n\n\t\n\t\t<div class=\"stelle-99 stelle\">\n\t\t\t<div class=\"stelle-head\">\n\t\t\t\t<h3 onclick=\"openStelle(99)\">Initiativbewerbung<\/h3>\n\t\t\t\t<div class=\"stelle-teaser\">\n\t\t\t\t\tKeine passende Stelle f\u00fcr Dich dabei? \u2013 Kein Problem.<br>\n\t\t\t\t<a class=\"btn btn-default btn-dl stelle-click-99 stelle-click\" onclick=\"openStelle(99)\">\n\t\t\t\t\t<i id=\"customicon-icon-stelle\" class=\"fa fa-plus\"><\/i>\n\t\t\t\t<\/a>\n\t\t\t\t<\/div>\n\t\t\t<\/div>\n\t\t\t<div class=\"stelle-content stelle-content-99\" style=\"display:none;\">\n\t\t\t\t<div class=\"stelle-kontakt\">\n\t\t\t\t\tSende uns einfach Deine Initiativbewerbung. F\u00fclle dazu alle wichtigen Felder in unserem Bewerbungsformular aus und schreib in die Kommentare f\u00fcr welche Position Du dich gerne bewerben m\u00f6chtest.<br><br>\n\t\t\t\t\tLebenslauf und Anschreiben hochladen \u2013 und abschicken.<br><br>\n\t\t\t\t\tWir freuen uns auf Deine Bewerbung!<br><br><br>\n\t\t\t\t\t\t<span class=\"btn-z knopf\" onclick=\"closeStelle()\">zur\u00fcck<\/span>\n\t\t\t\t\t\t<a href=\"\/de\/bewerbungsformular\/?title=Initiativbewerbung&subtitle=\"><span class=\"btn-w knopf\">zum Formular<\/span><\/a>\t\t\t\n\t\t\t\t\t<\/div>\n\t\t\t\t<\/div>\n\t\t\t<\/div>\n\t\t<\/div>\n\n\n\n\n        \n\t\t<script>\n\t\t\tfunction openStelle(x) {\n\t\t\t  closeStelle(x);\n\t\t\t  \n\t\t\t  $(\".stelle-\"+x).addClass(\"open\");\n\t\t\t  $( \".stelle-content-\"+x).slideDown( \"slow\");\n\t\t\t}\n\t\t\t\n\t\t\tfunction closeStelle() {\n\t\t\t   $(\".stelle\").removeClass(\"open\");\n\t\t\t   $( \".stelle-content\").slideUp( \"slow\");\n\t\t\t}\n\t\t<\/script>\n\t\n\t\n\t[\/vc_column_text][\/vc_column][\/vc_row][vc_row parallax=&#8221;&#8221; parallax_image=&#8221;&#8221; enable_angle=&#8221;&#8221; angle_position=&#8221;&#8221; angle_height=&#8221;60px&#8221; angle_color=&#8221;&#8221; angle_border_color=&#8221;&#8221; angle_border_width=&#8221;0&#8243; enable_angle_duplicate=&#8221;&#8221; angle_position_duplicate=&#8221;&#8221; angle_height_duplicate=&#8221;60px&#8221; angle_color_duplicate=&#8221;&#8221; angle_border_color_duplicate=&#8221;&#8221; angle_border_width_duplicate=&#8221;0&#8243; el_class=&#8221;headline-opa&#8221; css=&#8221;.vc_custom_1468220403065{padding-top: 20px !important;padding-bottom: 20px !important;background-color: #4c7138 !important;}&#8221;][vc_column cms_counter_custom_icon=&#8221;&#8221; cms_counter_icon_color=&#8221;&#8221; cms_counter_icon_font_size=&#8221;&#8221; cms_counter_digit_color=&#8221;&#8221; cms_counter_digit_font_size=&#8221;&#8221;][vc_column_text]<i id=\"icon-karte\" class=\"fa fa-map-marker\" style=\"padding-left: 2px !important;\"><\/i><a class=\"link-karte\" href=\"http:\/\/paulmmueller.com\/kontakt\/\">VIEW THE MAP<\/a>[\/vc_column_text][\/vc_column][\/vc_row]<\/p>","protected":false},"excerpt":{"rendered":"<p>[vc_row parallax=&#8221;&#8221; parallax_image=&#8221;&#8221; enable_angle=&#8221;&#8221; angle_position=&#8221;&#8221; angle_height=&#8221;60px&#8221; angle_color=&#8221;&#8221; angle_border_color=&#8221;&#8221; angle_border_width=&#8221;0&#8243; enable_angle_duplicate=&#8221;&#8221; angle_position_duplicate=&#8221;&#8221; angle_height_duplicate=&#8221;60px&#8221; angle_color_duplicate=&#8221;&#8221; angle_border_color_duplicate=&#8221;&#8221; angle_border_width_duplicate=&#8221;0&#8243; css=&#8221;.vc_custom_1467972081308{padding-top: 110px !important;padding-bottom: 40px !important;background-color: #f7f7f2 !important;}&#8221;][vc_column text_align=&#8221;center&#8221; cms_counter_custom_icon=&#8221;&#8221; cms_counter_icon_color=&#8221;&#8221; cms_counter_icon_font_size=&#8221;&#8221; cms_counter_digit_color=&#8221;&#8221; cms_counter_digit_font_size=&#8221;&#8221;][vc_empty_space height=&#8221;120px&#8221;][vc_column_text] You have reached your goal! [\/vc_column_text][vc_column_text] Paul M. M&uuml;ller [\/vc_column_text][vc_empty_space height=&#8221;50px&#8221;][vc_single_image image=&#8221;4216&#8243; img_size=&#8221;full&#8221; alignment=&#8221;center&#8221; el_class=&#8221;headline-opa&#8221; css=&#8221;.vc_custom_1466431593645{margin-bottom: 15px !important;}&#8221;][vc_single_image image=&#8221;5188&#8243; img_size=&#8221;full&#8221; alignment=&#8221;center&#8221; el_class=&#8221;tomate-bewerbung&#8221;][\/vc_column][\/vc_row][vc_row css=&#8221;.vc_custom_1573468056560{padding-top: 35px !important;padding-bottom: 50px [&hellip;]<\/p>\n","protected":false},"author":47110815,"featured_media":0,"parent":0,"menu_order":0,"comment_status":"closed","ping_status":"closed","template":"","meta":{"inline_featured_image":false},"_links":{"self":[{"href":"https:\/\/transfer.paulmmueller.fantomas-staging.de\/en\/wp-json\/wp\/v2\/pages\/5371"}],"collection":[{"href":"https:\/\/transfer.paulmmueller.fantomas-staging.de\/en\/wp-json\/wp\/v2\/pages"}],"about":[{"href":"https:\/\/transfer.paulmmueller.fantomas-staging.de\/en\/wp-json\/wp\/v2\/types\/page"}],"author":[{"embeddable":true,"href":"https:\/\/transfer.paulmmueller.fantomas-staging.de\/en\/wp-json\/wp\/v2\/users\/47110815"}],"replies":[{"embeddable":true,"href":"https:\/\/transfer.paulmmueller.fantomas-staging.de\/en\/wp-json\/wp\/v2\/comments?post=5371"}],"version-history":[{"count":22,"href":"https:\/\/transfer.paulmmueller.fantomas-staging.de\/en\/wp-json\/wp\/v2\/pages\/5371\/revisions"}],"predecessor-version":[{"id":9797,"href":"https:\/\/transfer.paulmmueller.fantomas-staging.de\/en\/wp-json\/wp\/v2\/pages\/5371\/revisions\/9797"}],"wp:attachment":[{"href":"https:\/\/transfer.paulmmueller.fantomas-staging.de\/en\/wp-json\/wp\/v2\/media?parent=5371"}],"curies":[{"name":"wp","href":"https:\/\/api.w.org\/{rel}","templated":true}]}}