{"id":7685,"date":"2019-05-14T10:33:53","date_gmt":"2019-05-14T08:33:53","guid":{"rendered":"https:\/\/paulmmueller.com\/?page_id=7685"},"modified":"2019-11-11T11:29:18","modified_gmt":"2019-11-11T10:29:18","slug":"bewerbungsformular","status":"publish","type":"page","link":"https:\/\/transfer.paulmmueller.fantomas-staging.de\/de\/bewerbungsformular\/","title":{"rendered":"Bewerbungsformular"},"content":{"rendered":"<p>[vc_row parallax=&#8220;&#8220; parallax_image=&#8220;&#8220; enable_angle=&#8220;&#8220; angle_position=&#8220;&#8220; angle_height=&#8220;60px&#8220; angle_color=&#8220;&#8220; angle_border_color=&#8220;&#8220; angle_border_width=&#8220;0&#8243; enable_angle_duplicate=&#8220;&#8220; angle_position_duplicate=&#8220;&#8220; angle_height_duplicate=&#8220;60px&#8220; angle_color_duplicate=&#8220;&#8220; angle_border_color_duplicate=&#8220;&#8220; angle_border_width_duplicate=&#8220;0&#8243; css=&#8220;.vc_custom_1467972081308{padding-top: 110px !important;padding-bottom: 40px !important;background-color: #f7f7f2 !important;}&#8220;][vc_column text_align=&#8220;center&#8220; cms_counter_custom_icon=&#8220;&#8220; cms_counter_icon_color=&#8220;&#8220; cms_counter_icon_font_size=&#8220;&#8220; cms_counter_digit_color=&#8220;&#8220; cms_counter_digit_font_size=&#8220;&#8220;][vc_empty_space height=&#8220;120px&#8220;][vc_column_text]<\/p>\n<h1 class=\"bewerbung\" style=\"text-align: center;\">Du hast Dein <span class=\"upper\">Ziel<\/span> erreicht!<\/h1>\n<p>[\/vc_column_text][vc_custom_heading text=&#8220;SCHLAG JETZT BEI PAUL M. M\u00dcLLER AUF.&#8220; font_container=&#8220;tag:h2|font_size:18px|text_align:center|color:%23444444|line_height:1.2&#8243; google_fonts=&#8220;font_family:Montserrat%3Aregular%2C700|font_style:700%20bold%20regular%3A700%3Anormal&#8220; el_class=&#8220;headline-opa&#8220;][vc_empty_space height=&#8220;50px&#8220;][vc_single_image image=&#8220;4216&#8243; img_size=&#8220;full&#8220; alignment=&#8220;center&#8220; el_class=&#8220;headline-opa&#8220; css=&#8220;.vc_custom_1466431593645{margin-bottom: 15px !important;}&#8220;][vc_single_image image=&#8220;5188&#8243; img_size=&#8220;full&#8220; alignment=&#8220;center&#8220; el_class=&#8220;tomate-bewerbung&#8220;][\/vc_column][\/vc_row][vc_row css=&#8220;.vc_custom_1573468154123{padding-top: 0px !important;padding-bottom: 0px !important;background-color: #f7f7f2 !important;}&#8220; el_class=&#8220;z-index-low&#8220;][vc_column css=&#8220;.vc_custom_1557833208984{padding-top: 50px !important;padding-right: 100px !important;padding-bottom: 50px !important;padding-left: 100px !important;background-color: #ffffff !important;}&#8220;][vc_row_inner][vc_column_inner width=&#8220;5\/6&#8243;][vc_column_text]<div class=\"stelle-head\">\n\t\t\t\t<h3> <span><\/span><\/h3>\n\t\t\t  <\/div><br>\n\t\t      [\/vc_column_text][vc_column_text]Wir freuen uns auf Deine Bewerbung und freuen uns Dich kennenzulernen. Bitte nimm Dir etwas Zeit zum Ausf&uuml;llen und bereite Deine Unterlagen auf dem PC vor, Wir w&uuml;nschen uns Deinen Lebenslauf, Arbeitszeugnisse und ein Anschreiben von Dir.[\/vc_column_text][\/vc_column_inner][vc_column_inner width=&#8220;1\/6&#8243;][\/vc_column_inner][\/vc_row_inner][vc_empty_space height=&#8220;50px&#8220;]<div role=\"form\" class=\"wpcf7\" id=\"wpcf7-f7682-o1\" lang=\"de-DE\" dir=\"ltr\">\n<div class=\"screen-reader-response\"><p role=\"status\" aria-live=\"polite\" aria-atomic=\"true\"><\/p> <ul><\/ul><\/div>\n<form action=\"\/de\/wp-json\/wp\/v2\/pages\/7685#wpcf7-f7682-o1\" method=\"post\" class=\"wpcf7-form init bg-field-gray\" enctype=\"multipart\/form-data\" novalidate=\"novalidate\" data-status=\"init\">\n<div style=\"display: none;\">\n<input type=\"hidden\" name=\"_wpcf7\" value=\"7682\" \/>\n<input type=\"hidden\" name=\"_wpcf7_version\" value=\"5.5.6\" \/>\n<input type=\"hidden\" name=\"_wpcf7_locale\" value=\"de_DE\" \/>\n<input type=\"hidden\" name=\"_wpcf7_unit_tag\" value=\"wpcf7-f7682-o1\" \/>\n<input type=\"hidden\" name=\"_wpcf7_container_post\" value=\"0\" \/>\n<input type=\"hidden\" name=\"_wpcf7_posted_data_hash\" value=\"\" \/>\n<\/div>\n<div class=\"row custom-col bewerbung-form\">\n\t<label class=\"col-md-3\">Anrede*<\/label>\n<div class=\"col-md-6\">\n              <span class=\"wpcf7-form-control-wrap anrede\"><select name=\"anrede\" class=\"wpcf7-form-control wpcf7-select wpcf7-validates-as-required\" aria-required=\"true\" aria-invalid=\"false\"><option value=\"-\">-<\/option><option value=\"Herr\">Herr<\/option><option value=\"Frau\">Frau<\/option><\/select><\/span>\n\t<\/div>\n<div class=\"col-md-3\"><\/div>\n<\/div>\n<div class=\"row custom-col bewerbung-form\">\n\t<label class=\"col-md-3\">Vorname *<\/label>\n<div class=\"col-md-6\">\n              <span class=\"wpcf7-form-control-wrap vname\"><input type=\"text\" name=\"vname\" value=\"\" size=\"40\" class=\"wpcf7-form-control wpcf7-text wpcf7-validates-as-required\" aria-required=\"true\" aria-invalid=\"false\" \/><\/span>\n\t<\/div>\n<div class=\"col-md-3\"><\/div>\n<\/div>\n<div class=\"row custom-col bewerbung-form\">\n\t<label class=\"col-md-3\">Nachname *<\/label>\n<div class=\"col-md-6\">\n              <span class=\"wpcf7-form-control-wrap nname\"><input type=\"text\" name=\"nname\" value=\"\" size=\"40\" class=\"wpcf7-form-control wpcf7-text wpcf7-validates-as-required\" aria-required=\"true\" aria-invalid=\"false\" \/><\/span>\n\t<\/div>\n<div class=\"col-md-3\"><\/div>\n<\/div>\n<div class=\"row custom-col bewerbung-form\">\n\t<label class=\"col-md-3\">Geburtsdatum<\/label>\n<div class=\"col-md-6\">\n              <span class=\"wpcf7-form-control-wrap gabdat\"><input type=\"text\" name=\"gabdat\" value=\"\" size=\"40\" class=\"wpcf7-form-control wpcf7-text\" aria-invalid=\"false\" placeholder=\"TT.MM.JJJJ\" \/><\/span>\n\t<\/div>\n<div class=\"col-md-3\"><\/div>\n<\/div>\n<div class=\"row custom-col bewerbung-form\">\n\t<label class=\"col-md-3\">Land *<\/label>\n<div class=\"col-md-6\">\n              <span class=\"wpcf7-form-control-wrap land\"><input type=\"text\" name=\"land\" value=\"\" size=\"40\" class=\"wpcf7-form-control wpcf7-text wpcf7-validates-as-required\" aria-required=\"true\" aria-invalid=\"false\" \/><\/span>\n\t<\/div>\n<div class=\"col-md-3\"><\/div>\n<\/div>\n<div class=\"row custom-col bewerbung-form\">\n\t<label class=\"col-md-3\">PLZ *<\/label>\n<div class=\"col-md-2\">\n              <span class=\"wpcf7-form-control-wrap plz\"><input type=\"text\" name=\"plz\" value=\"\" size=\"40\" class=\"wpcf7-form-control wpcf7-text wpcf7-validates-as-required\" aria-required=\"true\" aria-invalid=\"false\" \/><\/span>\n\t<\/div>\n<p>        <label class=\"col-md-1\">Ort *<\/label>\n<div class=\"col-md-3\">\n              <span class=\"wpcf7-form-control-wrap ort\"><input type=\"text\" name=\"ort\" value=\"\" size=\"40\" class=\"wpcf7-form-control wpcf7-text wpcf7-validates-as-required\" aria-required=\"true\" aria-invalid=\"false\" \/><\/span>\n\t<\/div>\n<div class=\"col-md-3\"><\/div>\n<\/div>\n<div class=\"row custom-col bewerbung-form\">\n\t<label class=\"col-md-3\">E-Mail-Adresse *<\/label>\n<div class=\"col-md-6\">\n              <span class=\"wpcf7-form-control-wrap mail\"><input type=\"email\" name=\"mail\" value=\"\" size=\"40\" class=\"wpcf7-form-control wpcf7-text wpcf7-email wpcf7-validates-as-required wpcf7-validates-as-email\" aria-required=\"true\" aria-invalid=\"false\" \/><\/span>\n\t<\/div>\n<div class=\"col-md-3\"><\/div>\n<\/div>\n<div class=\"row custom-col bewerbung-form\">\n\t<label class=\"col-md-3\">Rufnummer *<\/label>\n<div class=\"col-md-6\">\n              <span class=\"wpcf7-form-control-wrap tel\"><input type=\"text\" name=\"tel\" value=\"\" size=\"40\" class=\"wpcf7-form-control wpcf7-text wpcf7-validates-as-required\" aria-required=\"true\" aria-invalid=\"false\" \/><\/span>\n\t<\/div>\n<div class=\"col-md-3\"><\/div>\n<\/div>\n<div class=\"row custom-col bewerbung-form\">\n\t<label class=\"col-md-3\">Kommentar:<\/label>\n<div class=\"col-md-6\">\n              <span class=\"wpcf7-form-control-wrap kommentar\"><textarea name=\"kommentar\" cols=\"40\" rows=\"10\" class=\"wpcf7-form-control wpcf7-textarea\" aria-invalid=\"false\"><\/textarea><\/span><\/p>\n<\/div>\n<div class=\"col-md-3\"><\/div>\n<\/div>\n<div class=\"row custom-col bewerbung-form\">\n\t<label class=\"col-md-3\">Bewerbungsunterlagen *<\/label>\n<div class=\"col-md-6\">\n              <span class=\"wpcf7-form-control-wrap unterlagen1\"><input type=\"file\" name=\"unterlagen1\" size=\"40\" class=\"wpcf7-form-control wpcf7-file wpcf7-validates-as-required\" accept=\".pdf\" aria-required=\"true\" aria-invalid=\"false\" \/><\/span>\n\t<\/div>\n<div class=\"col-md-3\"><\/div>\n<\/div>\n<div class=\"row custom-col bewerbung-form\">\n\t<label class=\"col-md-3\"><\/label>\n<div class=\"col-md-6\">\n              <span class=\"wpcf7-form-control-wrap unterlagen2\"><input type=\"file\" name=\"unterlagen2\" size=\"40\" class=\"wpcf7-form-control wpcf7-file\" accept=\".pdf\" aria-invalid=\"false\" \/><\/span>\n\t<\/div>\n<div class=\"col-md-3\"><\/div>\n<\/div>\n<div class=\"row custom-col bewerbung-form\">\n\t<label class=\"col-md-3\"><\/label>\n<div class=\"col-md-6\">\n              <span class=\"wpcf7-form-control-wrap unterlagen3\"><input type=\"file\" name=\"unterlagen3\" size=\"40\" class=\"wpcf7-form-control wpcf7-file\" accept=\".pdf\" aria-invalid=\"false\" \/><\/span><br \/>\n(Lebenslauf* und Anschreiben*, Arbeitszeugnisse, Foto, etc.)<br \/>\n              Es sind folgende Formate m\u00f6glich:  PDF<br \/>\nMax. Gr\u00f6\u00dfe: 10 MB\n\t<\/div>\n<div class=\"col-md-3\"><\/div>\n<\/div>\n<div class=\"row custom-col bewerbung-form\">\n\t<label class=\"col-md-3\" style=\"padding-top: 0px;\">Wie bist Du auf uns aufmerksam geworden?<\/label>\n<div class=\"col-md-6\">\n              <span class=\"wpcf7-form-control-wrap woher\"><select name=\"woher\" class=\"wpcf7-form-control wpcf7-select\" aria-invalid=\"false\"><option value=\"\">---<\/option><option value=\"Google\">Google<\/option><option value=\"Freunde\/Bekannte\">Freunde\/Bekannte<\/option><option value=\"Social Media\">Social Media<\/option><option value=\"Aus dem Handel\">Aus dem Handel<\/option><option value=\"Messebesuch\">Messebesuch<\/option><option value=\"Sonstiges\">Sonstiges<\/option><\/select><\/span>\n\t<\/div>\n<div class=\"col-md-3\"><\/div>\n<\/div>\n<div class=\"row custom-col bewerbung-form\">\n\t<label class=\"col-md-3\">Datenschutz *<\/label>\n<div class=\"col-md-6\" style=\"text-align: left;\">\n              Durch das Absenden des Formulars best\u00e4tige ich, dass ich die <a href=\"\/datenschutz\/\" target=\"_blank\">Datenschutzerkl\u00e4rung<\/a> zur Kenntnis genommen und akzeptiert habe.<br><br \/>\n\t\t<span class=\"wpcf7-form-control-wrap dsv-check\"><span class=\"wpcf7-form-control wpcf7-checkbox wpcf7-validates-as-required\" id=\"dsv-check\"><span class=\"wpcf7-list-item first last\"><label><input type=\"checkbox\" name=\"dsv-check[]\" value=\"Ich stimme zu, dass meine Angaben aus dem Kontaktformular zur Beantwortung meiner Anfrage erhoben und verarbeitet werden. Die Daten werden nach abgeschlossener Bearbeitung Ihrer Anfrage gel\u00f6scht. Hinweis: Sie k\u00f6nnen Ihre Einwilligung jederzeit f\u00fcr die Zukunft per E-Mail an info @ pmm-adria.de widerrufen.\" \/><span class=\"wpcf7-list-item-label\">Ich stimme zu, dass meine Angaben aus dem Kontaktformular zur Beantwortung meiner Anfrage erhoben und verarbeitet werden. Die Daten werden nach abgeschlossener Bearbeitung Ihrer Anfrage gel\u00f6scht. Hinweis: Sie k\u00f6nnen Ihre Einwilligung jederzeit f\u00fcr die Zukunft per E-Mail an info @ pmm-adria.de widerrufen.<\/span><\/label><\/span><\/span><\/span>\n\t<\/div>\n<div class=\"col-md-3\"><\/div>\n<\/div>\n<div style=\"display:none;\"><span class=\"wpcf7-form-control-wrap title\"><input type=\"text\" name=\"title\" value=\"\" size=\"40\" class=\"wpcf7-form-control wpcf7-text\" aria-invalid=\"false\" \/><\/span><\/div>\n<div class=\"row custom-col bewerbung-form\">\n\t<label class=\"col-md-3\" style=\"padding-top: 0px;\"><\/label>\n<div class=\"col-md-6\">\n               <a href=\"\/de\/stellenanzeigen\/\"><span class=\"btn-z knopf\">zur\u00fcck<\/span><\/a><input type=\"submit\" value=\"Absenden\" class=\"wpcf7-form-control has-spinner wpcf7-submit\" \/>\n\t<\/div>\n<div class=\"col-md-3\"><\/div>\n<\/div>\n<div class=\"wpcf7-response-output\" aria-hidden=\"true\"><\/div><\/form><\/div>[\/vc_column][\/vc_row][vc_row css=&#8220;.vc_custom_1557834768595{background-color: #f7f7f2 !important;}&#8220;][vc_column][vc_empty_space height=&#8220;120px&#8220;][\/vc_column][\/vc_row][vc_row parallax=&#8220;&#8220; parallax_image=&#8220;&#8220; enable_angle=&#8220;&#8220; angle_position=&#8220;&#8220; angle_height=&#8220;60px&#8220; angle_color=&#8220;&#8220; angle_border_color=&#8220;&#8220; angle_border_width=&#8220;0&#8243; enable_angle_duplicate=&#8220;&#8220; angle_position_duplicate=&#8220;&#8220; angle_height_duplicate=&#8220;60px&#8220; angle_color_duplicate=&#8220;&#8220; angle_border_color_duplicate=&#8220;&#8220; angle_border_width_duplicate=&#8220;0&#8243; el_class=&#8220;headline-opa&#8220; css=&#8220;.vc_custom_1468220403065{padding-top: 20px !important;padding-bottom: 20px !important;background-color: #4c7138 !important;}&#8220;][vc_column cms_counter_custom_icon=&#8220;&#8220; cms_counter_icon_color=&#8220;&#8220; cms_counter_icon_font_size=&#8220;&#8220; cms_counter_digit_color=&#8220;&#8220; cms_counter_digit_font_size=&#8220;&#8220;][vc_column_text]<\/p>\n<p><i id=\"icon-karte\" class=\"fa fa-map-marker\" style=\"padding-left: 2px !important;\"><\/i><a class=\"link-karte\" href=\"http:\/\/paulmmueller.com\/kontakt\/\">KARTE SEHEN<\/a><\/p>\n<p>[\/vc_column_text][\/vc_column][\/vc_row]<\/p>","protected":false},"excerpt":{"rendered":"<p>[vc_row parallax=&#8220;&#8220; parallax_image=&#8220;&#8220; enable_angle=&#8220;&#8220; angle_position=&#8220;&#8220; angle_height=&#8220;60px&#8220; angle_color=&#8220;&#8220; angle_border_color=&#8220;&#8220; angle_border_width=&#8220;0&#8243; enable_angle_duplicate=&#8220;&#8220; angle_position_duplicate=&#8220;&#8220; angle_height_duplicate=&#8220;60px&#8220; angle_color_duplicate=&#8220;&#8220; angle_border_color_duplicate=&#8220;&#8220; angle_border_width_duplicate=&#8220;0&#8243; css=&#8220;.vc_custom_1467972081308{padding-top: 110px !important;padding-bottom: 40px !important;background-color: #f7f7f2 !important;}&#8220;][vc_column text_align=&#8220;center&#8220; cms_counter_custom_icon=&#8220;&#8220; cms_counter_icon_color=&#8220;&#8220; cms_counter_icon_font_size=&#8220;&#8220; cms_counter_digit_color=&#8220;&#8220; cms_counter_digit_font_size=&#8220;&#8220;][vc_empty_space height=&#8220;120px&#8220;][vc_column_text] Du hast Dein Ziel erreicht! [\/vc_column_text][vc_custom_heading text=&#8220;SCHLAG JETZT BEI PAUL M. M\u00dcLLER AUF.&#8220; font_container=&#8220;tag:h2|font_size:18px|text_align:center|color:%23444444|line_height:1.2&#8243; google_fonts=&#8220;font_family:Montserrat%3Aregular%2C700|font_style:700%20bold%20regular%3A700%3Anormal&#8220; el_class=&#8220;headline-opa&#8220;][vc_empty_space height=&#8220;50px&#8220;][vc_single_image image=&#8220;4216&#8243; img_size=&#8220;full&#8220; alignment=&#8220;center&#8220; el_class=&#8220;headline-opa&#8220; css=&#8220;.vc_custom_1466431593645{margin-bottom: 15px !important;}&#8220;][vc_single_image image=&#8220;5188&#8243; img_size=&#8220;full&#8220; [&hellip;]<\/p>\n","protected":false},"author":47110815,"featured_media":0,"parent":0,"menu_order":0,"comment_status":"closed","ping_status":"closed","template":"","meta":{"inline_featured_image":false},"_links":{"self":[{"href":"https:\/\/transfer.paulmmueller.fantomas-staging.de\/de\/wp-json\/wp\/v2\/pages\/7685"}],"collection":[{"href":"https:\/\/transfer.paulmmueller.fantomas-staging.de\/de\/wp-json\/wp\/v2\/pages"}],"about":[{"href":"https:\/\/transfer.paulmmueller.fantomas-staging.de\/de\/wp-json\/wp\/v2\/types\/page"}],"author":[{"embeddable":true,"href":"https:\/\/transfer.paulmmueller.fantomas-staging.de\/de\/wp-json\/wp\/v2\/users\/47110815"}],"replies":[{"embeddable":true,"href":"https:\/\/transfer.paulmmueller.fantomas-staging.de\/de\/wp-json\/wp\/v2\/comments?post=7685"}],"version-history":[{"count":27,"href":"https:\/\/transfer.paulmmueller.fantomas-staging.de\/de\/wp-json\/wp\/v2\/pages\/7685\/revisions"}],"predecessor-version":[{"id":8398,"href":"https:\/\/transfer.paulmmueller.fantomas-staging.de\/de\/wp-json\/wp\/v2\/pages\/7685\/revisions\/8398"}],"wp:attachment":[{"href":"https:\/\/transfer.paulmmueller.fantomas-staging.de\/de\/wp-json\/wp\/v2\/media?parent=7685"}],"curies":[{"name":"wp","href":"https:\/\/api.w.org\/{rel}","templated":true}]}}