{"id":6618,"date":"2018-08-22T11:20:08","date_gmt":"2018-08-22T09:20:08","guid":{"rendered":"https:\/\/paulmmueller.com\/?page_id=6618"},"modified":"2021-10-20T11:29:06","modified_gmt":"2021-10-20T09:29:06","slug":"partner","status":"publish","type":"page","link":"https:\/\/transfer.paulmmueller.fantomas-staging.de\/de\/partner\/","title":{"rendered":"Partner"},"content":{"rendered":"<p>[vc_row parallax=&#8220;&#8220; parallax_image=&#8220;&#8220; enable_angle=&#8220;&#8220; angle_position=&#8220;&#8220; angle_height=&#8220;60px&#8220; angle_color=&#8220;&#8220; angle_border_color=&#8220;&#8220; angle_border_width=&#8220;0&#8243; enable_angle_duplicate=&#8220;&#8220; angle_position_duplicate=&#8220;&#8220; angle_height_duplicate=&#8220;60px&#8220; angle_color_duplicate=&#8220;&#8220; angle_border_color_duplicate=&#8220;&#8220; angle_border_width_duplicate=&#8220;0&#8243; css=&#8220;.vc_custom_1535103950739{padding-top: 70px !important;padding-bottom: 40px !important;background-color: #ffffff !important;background-position: 0 0 !important;background-repeat: no-repeat !important;}&#8220;][vc_column text_align=&#8220;center&#8220; cms_counter_custom_icon=&#8220;&#8220; cms_counter_icon_color=&#8220;&#8220; cms_counter_icon_font_size=&#8220;&#8220; cms_counter_digit_color=&#8220;&#8220; cms_counter_digit_font_size=&#8220;&#8220;][vc_row_inner css=&#8220;.vc_custom_1531387517287{padding-top: 130px !important;}&#8220;][vc_column_inner][vc_single_image image=&#8220;6634&#8243; img_size=&#8220;medium&#8220; alignment=&#8220;center&#8220; css=&#8220;.vc_custom_1535005014871{padding-bottom: 25px !important;}&#8220;][vc_column_text el_class=&#8220;headline-itc-sm&#8220;]<\/p>\n<h1 class=\"extra_small\">Partner<\/h1>\n<p>[\/vc_column_text][vc_single_image image=&#8220;4216&#8243; img_size=&#8220;full&#8220; alignment=&#8220;center&#8220; el_class=&#8220;headline-opa&#8220; css=&#8220;.vc_custom_1466431593645{margin-bottom: 15px !important;}&#8220;][vc_column_text el_class=&#8220;headline-itc-sm&#8220; css=&#8220;.vc_custom_1537970121201{margin-top: 20px !important;margin-bottom: 40px !important;}&#8220;]Wir arbeiten international mit professionellen und verl&auml;sslichen Partnern zusammen. Die fokussierte Zusammenarbeit<br \/>\nmacht die Qualit&auml;t erst m&ouml;glich, die Sie von uns erwarten.[\/vc_column_text][vc_empty_space][\/vc_column_inner][\/vc_row_inner][\/vc_column][\/vc_row][vc_row][vc_column][vc_row_inner el_class=&#8220;partner&#8220;][vc_column_inner width=&#8220;1\/2&#8243;][vc_single_image image=&#8220;6639&#8243; img_size=&#8220;medium&#8220; alignment=&#8220;right&#8220; el_class=&#8220;w200&#8243;][\/vc_column_inner][vc_column_inner el_class=&#8220;line&#8220; width=&#8220;1\/2&#8243;][vc_column_text]<\/p>\n<h3 style=\"text-align: left;\">CITRES <span class=\"pre_headline\">&#8211; unser Hersteller f&uuml;r Feinkost<\/span><\/h3>\n<p style=\"text-align: left;\">Qualit&auml;t w&auml;chst mit der Zeit.<br \/>\n\u201eQualit&auml;t hat keine Geheimnisse: ausgew&auml;hltes frisches Gem&uuml;se, \u00d6l, Essig und Salz\u201c ist seit 1960 das Motto von Citres. Citres, das f&uuml;hrende Unternehmen auf dem Polypropylen-Markt f&uuml;r in Essig oder \u00d6l eingelegtes Gem&uuml;se und So\u00dfen, hat das Glasgef&auml;\u00df durch diese neue Verpackung ersetzt, die hohe Lebensmittelsicherheit in gewerblichen Gro\u00dfk&uuml;chen in Restaurants, Hotels und Schulen gew&auml;hrleistet.<br \/>\n<a href=\"\/wp-content\/uploads\/video\/citres\/Video Produzione Citres_Tedesco_small.mp4\" target=\"_blank\" rel=\"noopener\"><i class=\"fa fa-play-circle\" aria-hidden=\"true\"><\/i> Machen Sie sich ein Bild.<\/a><\/p>\n<p>[\/vc_column_text][\/vc_column_inner][\/vc_row_inner][\/vc_column][\/vc_row][vc_row][vc_column][vc_row_inner el_class=&#8220;partner&#8220;][vc_column_inner el_class=&#8220;first line&#8220; width=&#8220;1\/2&#8243;][vc_column_text]<\/p>\n<h3 style=\"text-align: right;\"><span class=\"pre_headline\">Unser Partner in Benelux &#8211; <\/span>BERGFOOD<\/h3>\n<p style=\"text-align: right;\">Als Spezialist f&uuml;r die mediterrane K&uuml;che vertritt uns Bergfood erfolgreich in den Niederlanden und Belgien mit unserem ADRIA Sortiment.<\/p>\n<p>[\/vc_column_text][\/vc_column_inner][vc_column_inner el_class=&#8220;second&#8220; width=&#8220;1\/2&#8243;][vc_single_image image=&#8220;10137&#8243; img_size=&#8220;210&#215;100&#8243;][\/vc_column_inner][\/vc_row_inner][\/vc_column][\/vc_row][vc_row][vc_column][vc_row_inner el_class=&#8220;partner&#8220;][vc_column_inner width=&#8220;1\/2&#8243;][vc_single_image image=&#8220;6642&#8243; img_size=&#8220;medium&#8220; alignment=&#8220;right&#8220; el_class=&#8220;w200&#8243;][\/vc_column_inner][vc_column_inner el_class=&#8220;line&#8220; width=&#8220;1\/2&#8243;][vc_column_text]<\/p>\n<h3 style=\"text-align: left;\">GASTRO PROFI <span class=\"pre_headline\">&#8211; unser Partner in \u00d6sterreich<\/span><\/h3>\n<p style=\"text-align: left;\">Gastro Profi ist ein zuverl&auml;ssiger Partner im Lebensmittelgro\u00dfhandel &#8211; flexibel, offen f&uuml;r die W&uuml;nsche des Kunden und trendorientiert. Der Gro\u00dfteil der Rohstoffe wird regional bezogen, denn die Verbindung zu einheimischen Betrieben und Bauern ist eine Herzensangelegenheit.<\/p>\n<p>[\/vc_column_text][\/vc_column_inner][\/vc_row_inner][\/vc_column][\/vc_row][vc_row][vc_column][vc_row_inner el_class=&#8220;partner&#8220;][vc_column_inner el_class=&#8220;first line&#8220; width=&#8220;1\/2&#8243;][vc_column_text]<\/p>\n<h3 style=\"text-align: right;\"><span class=\"pre_headline\">Unser Partner in Tschechien &#8211;\u00a0<\/span>KEYSTONE VALUE <span class=\"pre_headline\">s.r.o.<\/span><\/h3>\n<p style=\"text-align: right;\">Ein Team von erfahrenen Spezialisten, die kontinuierlich neue Produkte und Rezepturen entwickeln.<\/p>\n<p>[\/vc_column_text][\/vc_column_inner][vc_column_inner el_class=&#8220;second&#8220; width=&#8220;1\/2&#8243;][vc_single_image image=&#8220;6656&#8243; img_size=&#8220;medium&#8220; el_class=&#8220;w200&#8243;][\/vc_column_inner][\/vc_row_inner][\/vc_column][\/vc_row][vc_row][vc_column][vc_row_inner el_class=&#8220;partner&#8220;][vc_column_inner width=&#8220;1\/2&#8243;][vc_single_image image=&#8220;6645&#8243; img_size=&#8220;medium&#8220; alignment=&#8220;right&#8220; el_class=&#8220;w250&#8243;][\/vc_column_inner][vc_column_inner el_class=&#8220;line&#8220; width=&#8220;1\/2&#8243;][vc_column_text]<\/p>\n<h3 style=\"text-align: left;\">ATWERB <span class=\"pre_headline\">&#8211; unser Partner f&uuml;r Marketing<\/span><\/h3>\n<p style=\"text-align: left;\">Eine Full-Service-Agentur die f&uuml;r klare, verst&auml;ndliche Marketingl&ouml;sungen mit anspruchsvollen visuellen Ergebnissen steht. Atwerb entwickelt mit Leidenschaft kreative Ideen, durchdachte Strategien und klare Botschaften in allen Bereichen des modernen Marketings.<\/p>\n<p>[\/vc_column_text][\/vc_column_inner][\/vc_row_inner][\/vc_column][\/vc_row][vc_row][vc_column][vc_row_inner el_class=&#8220;partner&#8220;][vc_column_inner el_class=&#8220;first line&#8220; width=&#8220;1\/2&#8243;][vc_column_text]<\/p>\n<h3 style=\"text-align: right;\"><span class=\"pre_headline\">Unser Partner f&uuml;r Personal Management &#8211; <\/span>ABSOLUT<\/h3>\n<p style=\"text-align: right;\">Seit &uuml;ber 25 Jahren arbeitet ABSOLUT erfolgreich Qualifikationen von Menschen im pers&ouml;nlichen Gespr&auml;ch heraus und nutzt sie f&uuml;r die optimale Besetzung vakanter Positionen auf allen Hierarchieebenen. ABSOLUT schnell, vertraulich und mit &uuml;berdurchschnittlicher Erfolgsquote.<\/p>\n<p>[\/vc_column_text][\/vc_column_inner][vc_column_inner el_class=&#8220;second&#8220; width=&#8220;1\/2&#8243;][vc_single_image image=&#8220;6644&#8243; img_size=&#8220;medium&#8220; el_class=&#8220;w250&#8243;][\/vc_column_inner][\/vc_row_inner][\/vc_column][\/vc_row][vc_row][vc_column][vc_row_inner el_class=&#8220;partner&#8220;][vc_column_inner width=&#8220;1\/2&#8243;][vc_single_image image=&#8220;6736&#8243; img_size=&#8220;medium&#8220; alignment=&#8220;right&#8220; el_class=&#8220;w200&#8243;][\/vc_column_inner][vc_column_inner el_class=&#8220;line&#8220; width=&#8220;1\/2&#8243;][vc_column_text]<\/p>\n<h3 style=\"text-align: left;\">Radmila Kerl <span class=\"pre_headline\">&#8211; unsere Partnerin f&uuml;r Fotografie<\/span><\/h3>\n<p style=\"text-align: left;\">Bei der Arbeit als Fotografin besteht mein Anspruch darin, Bilder zu machen, die nicht nur durch die Qualit&auml;t beeindrucken, sondern durch ihre Aussage den Betrachter ansprechen und in Erinnerung bleiben. Die Aufnahmen f&uuml;r das Paul M&uuml;ller Team waren echt der Hammer \u2013 wir hatten so viel Spass und gute Ideen bei der Umsetzung, dass ich mich auf jedes neue Projekt bereits heute freue. <a href=\"https:\/\/radmilakerl.de\/corporate-identity-eine-coole-webseite-fuer-paul-m-mueller\/\" target=\"_blank\" rel=\"noopener\">Mehr Infos &#8230;<\/a><\/p>\n<p>[\/vc_column_text][\/vc_column_inner][\/vc_row_inner][\/vc_column][\/vc_row]<\/p>","protected":false},"excerpt":{"rendered":"<p>[vc_row parallax=&#8220;&#8220; parallax_image=&#8220;&#8220; enable_angle=&#8220;&#8220; angle_position=&#8220;&#8220; angle_height=&#8220;60px&#8220; angle_color=&#8220;&#8220; angle_border_color=&#8220;&#8220; angle_border_width=&#8220;0&#8243; enable_angle_duplicate=&#8220;&#8220; angle_position_duplicate=&#8220;&#8220; angle_height_duplicate=&#8220;60px&#8220; angle_color_duplicate=&#8220;&#8220; angle_border_color_duplicate=&#8220;&#8220; angle_border_width_duplicate=&#8220;0&#8243; css=&#8220;.vc_custom_1535103950739{padding-top: 70px !important;padding-bottom: 40px !important;background-color: #ffffff !important;background-position: 0 0 !important;background-repeat: no-repeat !important;}&#8220;][vc_column text_align=&#8220;center&#8220; cms_counter_custom_icon=&#8220;&#8220; cms_counter_icon_color=&#8220;&#8220; cms_counter_icon_font_size=&#8220;&#8220; cms_counter_digit_color=&#8220;&#8220; cms_counter_digit_font_size=&#8220;&#8220;][vc_row_inner css=&#8220;.vc_custom_1531387517287{padding-top: 130px !important;}&#8220;][vc_column_inner][vc_single_image image=&#8220;6634&#8243; img_size=&#8220;medium&#8220; alignment=&#8220;center&#8220; css=&#8220;.vc_custom_1535005014871{padding-bottom: 25px !important;}&#8220;][vc_column_text el_class=&#8220;headline-itc-sm&#8220;] Partner [\/vc_column_text][vc_single_image image=&#8220;4216&#8243; img_size=&#8220;full&#8220; alignment=&#8220;center&#8220; el_class=&#8220;headline-opa&#8220; css=&#8220;.vc_custom_1466431593645{margin-bottom: 15px !important;}&#8220;][vc_column_text el_class=&#8220;headline-itc-sm&#8220; css=&#8220;.vc_custom_1537970121201{margin-top: 20px [&hellip;]<\/p>\n","protected":false},"author":47110815,"featured_media":0,"parent":0,"menu_order":0,"comment_status":"closed","ping_status":"closed","template":"","meta":{"inline_featured_image":false},"_links":{"self":[{"href":"https:\/\/transfer.paulmmueller.fantomas-staging.de\/de\/wp-json\/wp\/v2\/pages\/6618"}],"collection":[{"href":"https:\/\/transfer.paulmmueller.fantomas-staging.de\/de\/wp-json\/wp\/v2\/pages"}],"about":[{"href":"https:\/\/transfer.paulmmueller.fantomas-staging.de\/de\/wp-json\/wp\/v2\/types\/page"}],"author":[{"embeddable":true,"href":"https:\/\/transfer.paulmmueller.fantomas-staging.de\/de\/wp-json\/wp\/v2\/users\/47110815"}],"replies":[{"embeddable":true,"href":"https:\/\/transfer.paulmmueller.fantomas-staging.de\/de\/wp-json\/wp\/v2\/comments?post=6618"}],"version-history":[{"count":76,"href":"https:\/\/transfer.paulmmueller.fantomas-staging.de\/de\/wp-json\/wp\/v2\/pages\/6618\/revisions"}],"predecessor-version":[{"id":10142,"href":"https:\/\/transfer.paulmmueller.fantomas-staging.de\/de\/wp-json\/wp\/v2\/pages\/6618\/revisions\/10142"}],"wp:attachment":[{"href":"https:\/\/transfer.paulmmueller.fantomas-staging.de\/de\/wp-json\/wp\/v2\/media?parent=6618"}],"curies":[{"name":"wp","href":"https:\/\/api.w.org\/{rel}","templated":true}]}}