{"id":425,"date":"2015-04-27T03:43:39","date_gmt":"2015-04-27T03:43:39","guid":{"rendered":"http:\/\/capitol.zooka.io\/?page_id=425"},"modified":"2019-11-12T14:02:22","modified_gmt":"2019-11-12T13:02:22","slug":"kontakt","status":"publish","type":"page","link":"https:\/\/transfer.paulmmueller.fantomas-staging.de\/de\/kontakt\/","title":{"rendered":"Kontakt"},"content":{"rendered":"<p>[vc_row full_width=&#8220;1&#8243; parallax=&#8220;&#8220; parallax_image=&#8220;&#8220; enable_angle=&#8220;&#8220; angle_position=&#8220;&#8220; angle_height=&#8220;60px&#8220; angle_color=&#8220;&#8220; angle_border_color=&#8220;&#8220; angle_border_width=&#8220;0&#8243; enable_angle_duplicate=&#8220;&#8220; angle_position_duplicate=&#8220;&#8220; angle_height_duplicate=&#8220;60px&#8220; angle_color_duplicate=&#8220;&#8220; angle_border_color_duplicate=&#8220;&#8220; angle_border_width_duplicate=&#8220;0&#8243;][vc_column][vc_empty_space height=&#8220;109px&#8220;][vc_single_image image=&#8220;8201&#8243; img_size=&#8220;2508&#215;290&#8243; alignment=&#8220;center&#8220; onclick=&#8220;custom_link&#8220; img_link_target=&#8220;_blank&#8220; el_class=&#8220;img-map&#8220; link=&#8220;https:\/\/www.google.com\/maps\/place\/Paul+M.+M%C3%BCller+GmbH\/@48.03106,11.58703,15z\/data=!4m2!3m1!1s0x0:0xb0ab0ff84e274979?ved=2ahUKEwizhY7E-v7fAhUEKVAKHaa_BnIQ_BIwDnoECAYQCA&#8220;][\/vc_column][\/vc_row][vc_row parallax=&#8220;&#8220; parallax_image=&#8220;&#8220; enable_angle=&#8220;&#8220; angle_position=&#8220;&#8220; angle_height=&#8220;60px&#8220; angle_color=&#8220;&#8220; angle_border_color=&#8220;&#8220; angle_border_width=&#8220;0&#8243; enable_angle_duplicate=&#8220;&#8220; angle_position_duplicate=&#8220;&#8220; angle_height_duplicate=&#8220;60px&#8220; angle_color_duplicate=&#8220;&#8220; angle_border_color_duplicate=&#8220;&#8220; angle_border_width_duplicate=&#8220;0&#8243; css=&#8220;.vc_custom_1466520157876{padding-top: 100px !important;}&#8220;][vc_column cms_counter_custom_icon=&#8220;&#8220; cms_counter_icon_color=&#8220;&#8220; cms_counter_icon_font_size=&#8220;&#8220; cms_counter_digit_color=&#8220;&#8220; cms_counter_digit_font_size=&#8220;&#8220;][vc_column_text]<\/p>\n<h1 class=\"extra\">Fragen?<\/h1>\n<p>[\/vc_column_text][vc_column_text el_class=&#8220;headline-itc-bg&#8220; css=&#8220;.vc_custom_1485447413372{margin-top: 20px !important;}&#8220;]Ihr Paul M. M&uuml;ller GmbH\u00a0Experten Team findet Antworten und ber&auml;t Sie gerne.[\/vc_column_text][vc_single_image image=&#8220;4216&#8243; img_size=&#8220;full&#8220; alignment=&#8220;center&#8220; css=&#8220;.vc_custom_1466753457059{margin-top: 30px !important;margin-bottom: 30px !important;}&#8220;][\/vc_column][\/vc_row][vc_row parallax=&#8220;&#8220; parallax_image=&#8220;&#8220; enable_angle=&#8220;&#8220; angle_position=&#8220;&#8220; angle_height=&#8220;60px&#8220; angle_color=&#8220;&#8220; angle_border_color=&#8220;&#8220; angle_border_width=&#8220;0&#8243; enable_angle_duplicate=&#8220;&#8220; angle_position_duplicate=&#8220;&#8220; angle_height_duplicate=&#8220;60px&#8220; angle_color_duplicate=&#8220;&#8220; angle_border_color_duplicate=&#8220;&#8220; angle_border_width_duplicate=&#8220;0&#8243; css=&#8220;.vc_custom_1466520163795{padding-top: 150px !important;padding-bottom: 100px !important;}&#8220;][vc_column width=&#8220;1\/3&#8243; font_color=&#8220;#333333&#8243;][vc_column_text]<\/p>\n<h4 class=\"extra\">Paul M. M&uuml;ller GmbH<\/h4>\n<p>[\/vc_column_text][vc_column_text css=&#8220;.vc_custom_1573563576181{margin-top: 25px !important;margin-bottom: 25px !important;}&#8220;]<\/p>\n<ul class=\"cms-get-touch social-in-content\" style=\"font-family: Raleway;\">\n<li><i class=\"pe-7s-map-marker\"><\/i><a class=\"contact-icon\" target=\"_blank\" rel=\"noopener\">Raiffeisenallee 5, 82041 Oberhaching<\/a><\/li>\n<li><i class=\"pe-7s-call\"><\/i><a class=\"contact-icon\" href=\"tel:0896138680\">+49 (0)89 613868-0<\/a><\/li>\n<li><i class=\"pe-7s-print\"><\/i><a class=\"contact-icon\">+49 (0)89 613868-36<\/a><\/li>\n<li><i class=\"pe-7s-mail\"><\/i><a class=\"contact-icon\" href=\"mailto:info@pmm-adria.de\">info@pmm-adria.de<\/a><\/li>\n<\/ul>\n<p>[\/vc_column_text][vc_column_text]<\/p>\n<h4 class=\"extra\">B&uuml;rozeiten<\/h4>\n<p>[\/vc_column_text][vc_column_text css=&#8220;.vc_custom_1482422676084{margin-bottom: 20px !important;}&#8220;]<\/p>\n<p style=\"text-align: left; font-size: 15px; line-height: 1.7; color: #333333 !important;\">Montag &#8211; Freitag: 7<sup>30<\/sup> &#8211; 17<sup>oo<\/sup> Uhr<\/p>\n<p>[\/vc_column_text][\/vc_column][vc_column width=&#8220;2\/3&#8243;][vc_column_text]<\/p>\n<h4 class=\"extra\">Kontakt<\/h4>\n<p>[\/vc_column_text]<div role=\"form\" class=\"wpcf7\" id=\"wpcf7-f413-o1\" lang=\"en-US\" dir=\"ltr\">\n<div class=\"screen-reader-response\"><p role=\"status\" aria-live=\"polite\" aria-atomic=\"true\"><\/p> <ul><\/ul><\/div>\n<form action=\"\/de\/wp-json\/wp\/v2\/pages\/425#wpcf7-f413-o1\" method=\"post\" class=\"wpcf7-form init bg-field-gray\" novalidate=\"novalidate\" data-status=\"init\">\n<div style=\"display: none;\">\n<input type=\"hidden\" name=\"_wpcf7\" value=\"413\" \/>\n<input type=\"hidden\" name=\"_wpcf7_version\" value=\"5.5.6\" \/>\n<input type=\"hidden\" name=\"_wpcf7_locale\" value=\"en_US\" \/>\n<input type=\"hidden\" name=\"_wpcf7_unit_tag\" value=\"wpcf7-f413-o1\" \/>\n<input type=\"hidden\" name=\"_wpcf7_container_post\" value=\"0\" \/>\n<input type=\"hidden\" name=\"_wpcf7_posted_data_hash\" value=\"\" \/>\n<\/div>\n<div class=\"row custom-col\">\n<div class=\"col-xs-12 col-sm-6 col-md-6 col-lg-6\">\n<span class=\"wpcf7-form-control-wrap menu-803\"><select name=\"menu-803\" class=\"wpcf7-form-control wpcf7-select wpcf7-validates-as-required\" aria-required=\"true\" aria-invalid=\"false\"><option value=\"Einkauf\">Einkauf<\/option><option value=\"Verkauf\">Verkauf<\/option><option value=\"Logistik\">Logistik<\/option><option value=\"Qualit\u00e4tssicherung\">Qualit\u00e4tssicherung<\/option><\/select><\/span>\n\t<\/div>\n<\/div>\n<div class=\"row custom-col\">\n<div class=\"col-xs-12 col-sm-6 col-md-6 col-lg-6\">\n\t\t<span class=\"wpcf7-form-control-wrap name1\"><input type=\"text\" name=\"name1\" value=\"\" size=\"40\" class=\"wpcf7-form-control wpcf7-text wpcf7-validates-as-required\" aria-required=\"true\" aria-invalid=\"false\" placeholder=\"Name (Pflichtfeld)\" \/><\/span><br \/>\n<span id=\"wpcf7-69e75cb401b2c-wrapper\" class=\"wpcf7-form-control-wrap nachname-wrap\" style=\"display:none !important; visibility:hidden !important;\"><label for=\"wpcf7-69e75cb401b2c-field\" class=\"hp-message\">Bitte lasse dieses Feld leer.<\/label><input id=\"wpcf7-69e75cb401b2c-field\"  class=\"wpcf7-form-control wpcf7-text nachname\" type=\"text\" name=\"nachname\" value=\"\" size=\"40\" tabindex=\"-1\" autocomplete=\"new-password\" \/><\/span>\n\t<\/div>\n<div class=\"col-xs-12 col-sm-6 col-md-6 col-lg-6\">\n\t\t<span class=\"wpcf7-form-control-wrap phone\"><input type=\"text\" name=\"phone\" value=\"\" size=\"40\" class=\"wpcf7-form-control wpcf7-text\" aria-invalid=\"false\" placeholder=\"Telefon\" \/><\/span>\n\t<\/div>\n<\/div>\n<div class=\"row custom-col\">\n<div class=\"col-xs-12 col-sm-6 col-md-6 col-lg-6\">\n\t\t<span class=\"wpcf7-form-control-wrap email\"><input type=\"email\" name=\"email\" value=\"\" size=\"40\" class=\"wpcf7-form-control wpcf7-text wpcf7-email wpcf7-validates-as-required wpcf7-validates-as-email\" aria-required=\"true\" aria-invalid=\"false\" placeholder=\"Email (Pflichtfeld)\" \/><\/span>\n\t<\/div>\n<div class=\"col-xs-12 col-sm-6 col-md-6 col-lg-6\">\n\t\t<span class=\"wpcf7-form-control-wrap website\"><input type=\"text\" name=\"website\" value=\"\" size=\"40\" class=\"wpcf7-form-control wpcf7-text\" aria-invalid=\"false\" placeholder=\"Website\" \/><\/span>\n\t<\/div>\n<\/div>\n<div class=\"row\">\n<div class=\"col-xs-12 col-sm-12 col-md-12 col-lg-12\">\n<span id=\"wpcf7-69e75cb401bf1-wrapper\" class=\"wpcf7-form-control-wrap betreff-wrap\" style=\"display:none !important; visibility:hidden !important;\"><label for=\"wpcf7-69e75cb401bf1-field\" class=\"hp-message\">Bitte lasse dieses Feld leer.<\/label><input id=\"wpcf7-69e75cb401bf1-field\"  class=\"wpcf7-form-control wpcf7-text betreff\" type=\"text\" name=\"betreff\" value=\"\" size=\"40\" tabindex=\"-1\" autocomplete=\"new-password\" \/><\/span><br \/>\n\t\t<span class=\"wpcf7-form-control-wrap message\"><textarea name=\"message\" cols=\"40\" rows=\"10\" class=\"wpcf7-form-control wpcf7-textarea wpcf7-validates-as-required\" aria-required=\"true\" aria-invalid=\"false\" placeholder=\"Ihre Nachricht (Pflichtfeld)\"><\/textarea><\/span>\n\t<\/div>\n<\/div>\n<div class=\"row\">\n<div class=\"col-xs-12 col-sm-12 col-md-12 col-lg-12\">\nDurch das Absenden des Formulars best\u00e4tige ich, dass ich die <a href=\"\/datenschutz\/\" target=\"_blank\">Datenschutzerkl\u00e4rung<\/a> zur Kenntnis genommen und akzeptiert habe.<br><br \/>\n\t\t<span class=\"wpcf7-form-control-wrap dsv-check\"><span class=\"wpcf7-form-control wpcf7-checkbox wpcf7-validates-as-required\" id=\"dsv-check\"><span class=\"wpcf7-list-item first last\"><label><input type=\"checkbox\" name=\"dsv-check[]\" value=\"Ich stimme zu, dass meine Angaben aus dem Kontaktformular zur Beantwortung meiner Anfrage erhoben und verarbeitet werden. Die Daten werden nach abgeschlossener Bearbeitung Ihrer Anfrage gel\u00f6scht. Hinweis: Sie k\u00f6nnen Ihre Einwilligung jederzeit f\u00fcr die Zukunft per E-Mail an info @ pmm-adria.de widerrufen.\" \/><span class=\"wpcf7-list-item-label\">Ich stimme zu, dass meine Angaben aus dem Kontaktformular zur Beantwortung meiner Anfrage erhoben und verarbeitet werden. Die Daten werden nach abgeschlossener Bearbeitung Ihrer Anfrage gel\u00f6scht. Hinweis: Sie k\u00f6nnen Ihre Einwilligung jederzeit f\u00fcr die Zukunft per E-Mail an info @ pmm-adria.de widerrufen.<\/span><\/label><\/span><\/span><\/span>\n\t<\/div>\n<\/div>\n<div class=\"row\">\n<div class=\"col-xs-12 col-sm-12 col-md-12 col-lg-12\">\n             <input type=\"submit\" value=\"Senden\" class=\"wpcf7-form-control has-spinner wpcf7-submit btn btn-alt-v1 btn-sm\" \/>\n      <\/div>\n<\/div>\n<div class=\"wpcf7-response-output\" aria-hidden=\"true\"><\/div><\/form><\/div>[\/vc_column][\/vc_row]<\/p>","protected":false},"excerpt":{"rendered":"<p>[vc_row full_width=&#8220;1&#8243; parallax=&#8220;&#8220; parallax_image=&#8220;&#8220; enable_angle=&#8220;&#8220; angle_position=&#8220;&#8220; angle_height=&#8220;60px&#8220; angle_color=&#8220;&#8220; angle_border_color=&#8220;&#8220; angle_border_width=&#8220;0&#8243; enable_angle_duplicate=&#8220;&#8220; angle_position_duplicate=&#8220;&#8220; angle_height_duplicate=&#8220;60px&#8220; angle_color_duplicate=&#8220;&#8220; angle_border_color_duplicate=&#8220;&#8220; angle_border_width_duplicate=&#8220;0&#8243;][vc_column][vc_empty_space height=&#8220;109px&#8220;][vc_single_image image=&#8220;8201&#8243; img_size=&#8220;2508&#215;290&#8243; alignment=&#8220;center&#8220; onclick=&#8220;custom_link&#8220; img_link_target=&#8220;_blank&#8220; el_class=&#8220;img-map&#8220; link=&#8220;https:\/\/www.google.com\/maps\/place\/Paul+M.+M%C3%BCller+GmbH\/@48.03106,11.58703,15z\/data=!4m2!3m1!1s0x0:0xb0ab0ff84e274979?ved=2ahUKEwizhY7E-v7fAhUEKVAKHaa_BnIQ_BIwDnoECAYQCA&#8220;][\/vc_column][\/vc_row][vc_row parallax=&#8220;&#8220; parallax_image=&#8220;&#8220; enable_angle=&#8220;&#8220; angle_position=&#8220;&#8220; angle_height=&#8220;60px&#8220; angle_color=&#8220;&#8220; angle_border_color=&#8220;&#8220; angle_border_width=&#8220;0&#8243; enable_angle_duplicate=&#8220;&#8220; angle_position_duplicate=&#8220;&#8220; angle_height_duplicate=&#8220;60px&#8220; angle_color_duplicate=&#8220;&#8220; angle_border_color_duplicate=&#8220;&#8220; angle_border_width_duplicate=&#8220;0&#8243; css=&#8220;.vc_custom_1466520157876{padding-top: 100px !important;}&#8220;][vc_column cms_counter_custom_icon=&#8220;&#8220; cms_counter_icon_color=&#8220;&#8220; cms_counter_icon_font_size=&#8220;&#8220; cms_counter_digit_color=&#8220;&#8220; cms_counter_digit_font_size=&#8220;&#8220;][vc_column_text] Fragen? [\/vc_column_text][vc_column_text el_class=&#8220;headline-itc-bg&#8220; css=&#8220;.vc_custom_1485447413372{margin-top: 20px !important;}&#8220;]Ihr Paul M. M&uuml;ller [&hellip;]<\/p>\n","protected":false},"author":47110815,"featured_media":0,"parent":0,"menu_order":0,"comment_status":"closed","ping_status":"closed","template":"","meta":{"inline_featured_image":false},"_links":{"self":[{"href":"https:\/\/transfer.paulmmueller.fantomas-staging.de\/de\/wp-json\/wp\/v2\/pages\/425"}],"collection":[{"href":"https:\/\/transfer.paulmmueller.fantomas-staging.de\/de\/wp-json\/wp\/v2\/pages"}],"about":[{"href":"https:\/\/transfer.paulmmueller.fantomas-staging.de\/de\/wp-json\/wp\/v2\/types\/page"}],"author":[{"embeddable":true,"href":"https:\/\/transfer.paulmmueller.fantomas-staging.de\/de\/wp-json\/wp\/v2\/users\/47110815"}],"replies":[{"embeddable":true,"href":"https:\/\/transfer.paulmmueller.fantomas-staging.de\/de\/wp-json\/wp\/v2\/comments?post=425"}],"version-history":[{"count":121,"href":"https:\/\/transfer.paulmmueller.fantomas-staging.de\/de\/wp-json\/wp\/v2\/pages\/425\/revisions"}],"predecessor-version":[{"id":8437,"href":"https:\/\/transfer.paulmmueller.fantomas-staging.de\/de\/wp-json\/wp\/v2\/pages\/425\/revisions\/8437"}],"wp:attachment":[{"href":"https:\/\/transfer.paulmmueller.fantomas-staging.de\/de\/wp-json\/wp\/v2\/media?parent=425"}],"curies":[{"name":"wp","href":"https:\/\/api.w.org\/{rel}","templated":true}]}}