{"id":10580,"date":"2022-03-15T14:49:21","date_gmt":"2022-03-15T13:49:21","guid":{"rendered":"https:\/\/paulmmueller.com\/?page_id=10580"},"modified":"2022-03-17T11:43:29","modified_gmt":"2022-03-17T10:43:29","slug":"college1","status":"publish","type":"page","link":"https:\/\/transfer.paulmmueller.fantomas-staging.de\/de\/college1\/","title":{"rendered":"College"},"content":{"rendered":"<p>[vc_row parallax=&#8220;&#8220; parallax_image=&#8220;&#8220; enable_angle=&#8220;&#8220; angle_position=&#8220;&#8220; angle_height=&#8220;60px&#8220; angle_color=&#8220;&#8220; angle_border_color=&#8220;&#8220; angle_border_width=&#8220;0&#8243; enable_angle_duplicate=&#8220;&#8220; angle_position_duplicate=&#8220;&#8220; angle_height_duplicate=&#8220;60px&#8220; angle_color_duplicate=&#8220;&#8220; angle_border_color_duplicate=&#8220;&#8220; angle_border_width_duplicate=&#8220;0&#8243; css=&#8220;.vc_custom_1647513625040{padding-top: 70px !important;padding-bottom: 40px !important;background: #ffffff url(https:\/\/paulmmueller.com\/wp-content\/uploads\/2022\/03\/Collgege_neu-2.png?id=10599) !important;background-position: 0 0 !important;background-repeat: no-repeat !important;}&#8220;][vc_column text_align=&#8220;center&#8220; cms_counter_custom_icon=&#8220;&#8220; cms_counter_icon_color=&#8220;&#8220; cms_counter_icon_font_size=&#8220;&#8220; cms_counter_digit_color=&#8220;&#8220; cms_counter_digit_font_size=&#8220;&#8220;][vc_empty_space height=&#8220;100px&#8220;][vc_column_text]<\/p>\n<h1 class=\"extra_small\">PMM College<\/h1>\n<p>[\/vc_column_text][vc_single_image image=&#8220;4216&#8243; img_size=&#8220;full&#8220; alignment=&#8220;center&#8220; el_class=&#8220;headline-opa&#8220; css=&#8220;.vc_custom_1466431593645{margin-bottom: 15px !important;}&#8220;][vc_column_text el_class=&#8220;headline-itc-sm&#8220; css=&#8220;.vc_custom_1532508401211{margin-top: 20px !important;margin-bottom: 40px !important;}&#8220;]Profitieren Sie von unserem profunden Fachwissen zum Thema Import von Gem&uuml;se und Fr&uuml;chten.<br \/>\nHier finden Sie viele Begrifflichkeiten, Fachausdr&uuml;cke und Spezifikationen unserer Branche erkl&auml;rt.[\/vc_column_text][vc_row_inner css=&#8220;.vc_custom_1531387517287{padding-top: 130px !important;}&#8220;][vc_column_inner width=&#8220;1\/3&#8243;][vc_single_image image=&#8220;10585&#8243; img_size=&#8220;full&#8220;][\/vc_column_inner][vc_column_inner width=&#8220;2\/3&#8243;][vc_column_text]<style>\n\t\n\t\t.college {\n\t\t\tdisplay: block;\n\t\t\twidth: 75%;\n\t\t}\n\t\n        .single-college {\n            text-align: left;\n            margin-bottom: 50px;\n        }\n    <\/style>\n    <div class=\"college\"><div class=\"single-college\">\n                    <a href=\"https:\/\/transfer.paulmmueller.fantomas-staging.de\/de\/die-dosengroessen\/\"><h1 class=\"entry-title\">Die Dosengr\u00f6\u00dfen ...<\/h1><\/a>\n                        PMM College \u2013 Teil 7: Unsere neue Warenkunde f\u00fcr Azubis, Profis und alle Interessierten. Diesmal geht es um die unterschiedlichen Dosengr\u00f6\u00dfe. Wer sich auskennt, liegt ...\n                    <\/div><div class=\"single-college\">\n                    <a href=\"https:\/\/transfer.paulmmueller.fantomas-staging.de\/de\/offene-dosen\/\"><h1 class=\"entry-title\">Offene Dosen ...<\/h1><\/a>\n                        PMM College \u2013 Teil 6: Unsere neue Warenkunde f\u00fcr Azubis, Profis und alle Interessierten. Diesmal fragen wir: Wie lange bleibt der Inhalt einer Konserve nach ...\n                    <\/div><div class=\"single-college\">\n                    <a href=\"https:\/\/transfer.paulmmueller.fantomas-staging.de\/de\/quiz-erntekalender\/\"><h1 class=\"entry-title\">Quiz Erntekalender<\/h1><\/a>\n                        PMM College \u2013 Teil 5: Unsere neue Warenkunde f\u00fcr Azubis, Profis und alle Interessierten. Diesmal: Wann reifen im Jahr Artischocken, Oliven, Tomaten in welchen L\u00e4ndern? ...\n                    <\/div><div class=\"single-college\">\n                    <a href=\"https:\/\/transfer.paulmmueller.fantomas-staging.de\/de\/scoville\/\"><h1 class=\"entry-title\">  Scoville<\/h1><\/a>\n                        PMM College - Teil 4: Unsere neue Warenkunde f\u00fcr Azubis, Profis und alle Interessierten. PMM College kl\u00e4rt diesmal \u00fcber \"Scoville\" und die Bedeutung dieses Sch\u00e4rfegrads ...\n                    <\/div><div class=\"single-college\">\n                    <a href=\"https:\/\/transfer.paulmmueller.fantomas-staging.de\/de\/grad-brix-bx\/\"><h1 class=\"entry-title\">Grad Brix (\u00b0Bx)<\/h1><\/a>\n                        PMM College Teil 3: Unsere neue Warenkunde f\u00fcr Azubis, Profis und alle Interessierten. Diesmal dreht sich alles um die Bedeutung von Brix. PMM College kl\u00e4rt ...\n                    <\/div><div class=\"single-college\">\n                    <a href=\"https:\/\/transfer.paulmmueller.fantomas-staging.de\/de\/mhd-versus-verbrauchsdatum\/\"><h1 class=\"entry-title\">MHD versus Verbrauchsdatum<\/h1><\/a>\n                        PMM College Teil 2: Unsere neue Warenkunde f\u00fcr Azubis, Profis und alle Interessierten. Diesmal dreht sich alles um die Bedeutung und den Unterschied von Mindesthaltbarkeitsdatum ...\n                    <\/div><div class=\"single-college\">\n                    <a href=\"https:\/\/transfer.paulmmueller.fantomas-staging.de\/de\/pmm-college\/\"><h1 class=\"entry-title\">Der Count<\/h1><\/a>\n                        Warenkunde aus erster Hand, vom Profi erkl\u00e4rt, f\u00fcr alle Azubis, Profis und Branchenteilnehmer verst\u00e4ndlich und anschaulich aufbereitet. Das ist PMM College, ein neuer exklusiver Service ...\n                    <\/div><\/div>[\/vc_column_text][vc_empty_space height=&#8220;100px&#8220;][\/vc_column_inner][\/vc_row_inner][\/vc_column][\/vc_row]<\/p>","protected":false},"excerpt":{"rendered":"<p>[vc_row parallax=&#8220;&#8220; parallax_image=&#8220;&#8220; enable_angle=&#8220;&#8220; angle_position=&#8220;&#8220; angle_height=&#8220;60px&#8220; angle_color=&#8220;&#8220; angle_border_color=&#8220;&#8220; angle_border_width=&#8220;0&#8243; enable_angle_duplicate=&#8220;&#8220; angle_position_duplicate=&#8220;&#8220; angle_height_duplicate=&#8220;60px&#8220; angle_color_duplicate=&#8220;&#8220; angle_border_color_duplicate=&#8220;&#8220; angle_border_width_duplicate=&#8220;0&#8243; css=&#8220;.vc_custom_1647513625040{padding-top: 70px !important;padding-bottom: 40px !important;background: #ffffff url(https:\/\/paulmmueller.com\/wp-content\/uploads\/2022\/03\/Collgege_neu-2.png?id=10599) !important;background-position: 0 0 !important;background-repeat: no-repeat !important;}&#8220;][vc_column text_align=&#8220;center&#8220; cms_counter_custom_icon=&#8220;&#8220; cms_counter_icon_color=&#8220;&#8220; cms_counter_icon_font_size=&#8220;&#8220; cms_counter_digit_color=&#8220;&#8220; cms_counter_digit_font_size=&#8220;&#8220;][vc_empty_space height=&#8220;100px&#8220;][vc_column_text] PMM College [\/vc_column_text][vc_single_image image=&#8220;4216&#8243; img_size=&#8220;full&#8220; alignment=&#8220;center&#8220; el_class=&#8220;headline-opa&#8220; css=&#8220;.vc_custom_1466431593645{margin-bottom: 15px !important;}&#8220;][vc_column_text el_class=&#8220;headline-itc-sm&#8220; css=&#8220;.vc_custom_1532508401211{margin-top: 20px !important;margin-bottom: 40px !important;}&#8220;]Profitieren Sie von unserem profunden [&hellip;]<\/p>\n","protected":false},"author":47110815,"featured_media":0,"parent":0,"menu_order":0,"comment_status":"closed","ping_status":"closed","template":"","meta":{"inline_featured_image":false},"_links":{"self":[{"href":"https:\/\/transfer.paulmmueller.fantomas-staging.de\/de\/wp-json\/wp\/v2\/pages\/10580"}],"collection":[{"href":"https:\/\/transfer.paulmmueller.fantomas-staging.de\/de\/wp-json\/wp\/v2\/pages"}],"about":[{"href":"https:\/\/transfer.paulmmueller.fantomas-staging.de\/de\/wp-json\/wp\/v2\/types\/page"}],"author":[{"embeddable":true,"href":"https:\/\/transfer.paulmmueller.fantomas-staging.de\/de\/wp-json\/wp\/v2\/users\/47110815"}],"replies":[{"embeddable":true,"href":"https:\/\/transfer.paulmmueller.fantomas-staging.de\/de\/wp-json\/wp\/v2\/comments?post=10580"}],"version-history":[{"count":14,"href":"https:\/\/transfer.paulmmueller.fantomas-staging.de\/de\/wp-json\/wp\/v2\/pages\/10580\/revisions"}],"predecessor-version":[{"id":10601,"href":"https:\/\/transfer.paulmmueller.fantomas-staging.de\/de\/wp-json\/wp\/v2\/pages\/10580\/revisions\/10601"}],"wp:attachment":[{"href":"https:\/\/transfer.paulmmueller.fantomas-staging.de\/de\/wp-json\/wp\/v2\/media?parent=10580"}],"curies":[{"name":"wp","href":"https:\/\/api.w.org\/{rel}","templated":true}]}}